{"id":4120,"date":"2024-09-12T12:59:23","date_gmt":"2024-09-12T09:59:23","guid":{"rendered":"https:\/\/dragonboat.lt\/?post_type=product&#038;p=4120"},"modified":"2025-10-02T20:04:15","modified_gmt":"2025-10-02T17:04:15","slug":"drakonu-valciu-festivalis-panevezys-2024-rugsejo-21d","status":"publish","type":"product","link":"https:\/\/dragonboat.lt\/?product=drakonu-valciu-festivalis-panevezys-2024-rugsejo-21d","title":{"rendered":"Drakon\u0173 val\u010di\u0173 festivalis Panev\u0117\u017eys 2024 rugs\u0117jo 21d."},"content":{"rendered":"<p>Drakon\u0173 val\u010di\u0173 festivalis &#8211; d\u017eiaugsmo ir adrenalino kupinas renginys, \u012f kur\u012f kvie\u010diame visus.<br \/>\nDrakon\u0173 valtys &#8211; vir\u0161 2000 met\u0173 istorijos turin\u010dios valtys, \u012f UNESCO kult\u016bros paveld\u0105 \u012ftrauktas sportas.<br \/>\nPlius World Fitness Weekend mank\u0161tos su Nerijumi Rojumi.<br \/>\nKvie\u010diame \u012f komand\u0105 kiekvien\u0105, kuris nori fizinio aktyvumo ir b\u016bti geros nuotaikos.<\/p>\n<p>STANDART BOATS Distancija 200m Komand\u0173 skai\u010dius ribotas!<br \/>\nKomandos JUNIOR sud\u0117tis: Moksleivi\u0173 komanda: 15 moksleivi\u0173 plius 6 mokytojai ar t\u0117vai.<br \/>\nKomondos Suaugusi\u0173 10 vyr\u0173 ir 10 moter\u0173 plius B\u016bgnininkas<br \/>\nKomondos Suaugusi\u0173 10 vyr\u0173 ir 10 moter\u0173 plius B\u016bgnininkas<br \/>\nRegistruojantis iki rugs\u0117jo 10 d. Firmin\u0117 festivalio kepur\u0117l\u0117 dovan\u0173.<\/p>\n<p>SMALL BOATS Naujiena skirta tiems, kurie bijo nesurinkti komandos<br \/>\nKomandos JUNIOR sud\u0117tis: Moksleivi\u0173 komanda: 6 moksleivi\u0173 plius 2 mokytojai ar t\u0117vai.<br \/>\nKomondos Suaugusi\u0173 4 vyr\u0173 ir 4 moter\u0173 plius B\u016bgnininkas<br \/>\nKomondos Suaugusi\u0173 4 vyr\u0173 ir 4 moter\u0173 plius B\u016bgnininkas<br \/>\nRegistruojantis iki rugs\u0117jo 10 d. Firmin\u0117 festivalio kepur\u0117l\u0117 dovan\u0173<br \/>\nSMALL BOATS Distancija 200m<\/p>\n<p>DRAKONO VAL\u010cI\u0172 FESTIVALIS SUARTINA<\/p>\n<p>Unikalu ir patikrinta: Laimi sinchroni\u0161kas irklavimas ir ankstesnis fizinis pasirengimas.<br \/>\nTai pa\u017eintis su pasaulio UNESCO paveldu. Su sporto \u0161aka, siekia olimpin\u0117s sporto \u0161aka statuso.<br \/>\nTai D\u017eiaugsmas Sveikata Adrenalinas viename.<br \/>\nTai jau patikrintas Team Building renginys<br \/>\nRekomendacija: apsidairykite aplink ir b\u016bkite atviri renkant komandas: kaimynams, draugams, gimin\u0117ms ir pagaliau bendradarbiams. \u010cia jud\u0117ti papras\u010diausia ir lengviausia<br \/>\nTelefonas pasiteiravimui, konsultacijai: 865240596 Saulius<br \/>\nDalyvio mokestis renginiui 10 Eur\/\u017em. (Mokestis taikomas tik registruojant komand\u0105)<br \/>\nDalyvio mokestis treniruot\u0117 5 Eur\/\u017em. .(Mokestis taikomas tik registruojant komand\u0105)<br \/>\nTreniruot\u0117s jau prasid\u0117jo.<\/p>\n","protected":false},"excerpt":{"rendered":"<p>Drakon\u0173 val\u010di\u0173 festivalis Panev\u0117\u017eys 2024 rugs\u0117jo 21d.<\/p>\n","protected":false},"featured_media":3038,"comment_status":"open","ping_status":"closed","template":"","meta":{"pmpro_default_level":""},"product_brand":[],"product_cat":[70],"product_tag":[],"class_list":{"0":"post-4120","1":"product","2":"type-product","3":"status-publish","4":"has-post-thumbnail","6":"product_cat-renginiai","7":"pmpro-has-access","9":"first","10":"instock","11":"shipping-taxable","12":"product-type-simple"},"_links":{"self":[{"href":"https:\/\/dragonboat.lt\/index.php?rest_route=\/wp\/v2\/product\/4120","targetHints":{"allow":["GET"]}}],"collection":[{"href":"https:\/\/dragonboat.lt\/index.php?rest_route=\/wp\/v2\/product"}],"about":[{"href":"https:\/\/dragonboat.lt\/index.php?rest_route=\/wp\/v2\/types\/product"}],"replies":[{"embeddable":true,"href":"https:\/\/dragonboat.lt\/index.php?rest_route=%2Fwp%2Fv2%2Fcomments&post=4120"}],"wp:featuredmedia":[{"embeddable":true,"href":"https:\/\/dragonboat.lt\/index.php?rest_route=\/wp\/v2\/media\/3038"}],"wp:attachment":[{"href":"https:\/\/dragonboat.lt\/index.php?rest_route=%2Fwp%2Fv2%2Fmedia&parent=4120"}],"wp:term":[{"taxonomy":"product_brand","embeddable":true,"href":"https:\/\/dragonboat.lt\/index.php?rest_route=%2Fwp%2Fv2%2Fproduct_brand&post=4120"},{"taxonomy":"product_cat","embeddable":true,"href":"https:\/\/dragonboat.lt\/index.php?rest_route=%2Fwp%2Fv2%2Fproduct_cat&post=4120"},{"taxonomy":"product_tag","embeddable":true,"href":"https:\/\/dragonboat.lt\/index.php?rest_route=%2Fwp%2Fv2%2Fproduct_tag&post=4120"}],"curies":[{"name":"wp","href":"https:\/\/api.w.org\/{rel}","templated":true}]}}