{"id":3797,"date":"2024-05-10T16:51:30","date_gmt":"2024-05-10T13:51:30","guid":{"rendered":"https:\/\/dragonboat.lt\/?post_type=product&#038;p=3797"},"modified":"2024-06-07T10:31:32","modified_gmt":"2024-06-07T07:31:32","slug":"rusnes-muzikos-festivalis","status":"publish","type":"product","link":"https:\/\/dragonboat.lt\/?product=rusnes-muzikos-festivalis","title":{"rendered":"Rusn\u0117s Muzikos Festivalis"},"content":{"rendered":"<p><strong>Rusn\u0117s Muzikos Festivalis<\/strong><\/p>\n<p>Kvie\u010diame <strong>rugpj\u016b\u010dio 2-3d<\/strong>. atvykti \u012f Rusn\u0117s muzikos festival\u012f ir sudalyvauti Drakono<br \/>\nval\u010di\u0173 festivalyje. Drakono valtys suburia bendram tikslui, primena mums, kad b\u016bnant<br \/>\nkartu n\u0117ra ne\u012fveikiam\u0173 kli\u016b\u010di\u0173.<\/p>\n<p>Var\u017eybos vyks standartin\u0117mis valtimis : 20 irkluotoj\u0173 + b\u016bgnininkas+vairininkas.<br \/>\nVar\u017eyb\u0173 distancija 300 metr\u0173. Nugal\u0117toj\u0173 lauks apdovanojimai. B\u016bsite apr\u016bpinti visu<br \/>\nreikiamu irklavimui inventoriumi. Saugumas garantuotas.<\/p>\n<p><strong>Tad pirmyn \u012f 2024 Drakono met\u0173 vasar\u0105 pasikrauti Drakono j\u0117g\u0105!<\/strong><\/p>\n<p>Registruok komand\u0105 arba registruokis atskirai ir mes pasir\u016bpinsime tavo komanda.<\/p>\n<p><code>\n<div class=\"wpcf7 no-js\" id=\"wpcf7-f4013-o1\" lang=\"en-US\" dir=\"ltr\" data-wpcf7-id=\"4013\">\n<div class=\"screen-reader-response\"><p role=\"status\" aria-live=\"polite\" aria-atomic=\"true\"><\/p> <ul><\/ul><\/div>\n<form action=\"\/index.php?rest_route=%2Fwp%2Fv2%2Fproduct%2F3797#wpcf7-f4013-o1\" method=\"post\" class=\"wpcf7-form init\" aria-label=\"Contact form\" novalidate=\"novalidate\" data-status=\"init\">\n<fieldset class=\"hidden-fields-container\"><input type=\"hidden\" name=\"_wpcf7\" value=\"4013\" \/><input type=\"hidden\" name=\"_wpcf7_version\" value=\"6.1.3\" \/><input type=\"hidden\" name=\"_wpcf7_locale\" value=\"en_US\" \/><input type=\"hidden\" name=\"_wpcf7_unit_tag\" value=\"wpcf7-f4013-o1\" \/><input type=\"hidden\" name=\"_wpcf7_container_post\" value=\"0\" \/><input type=\"hidden\" name=\"_wpcf7_posted_data_hash\" value=\"\" \/>\n<\/fieldset>\n<p><label> J\u016bs\u0173 Vardas, Pavard\u0117<br \/>\n<span class=\"wpcf7-form-control-wrap\" data-name=\"your-name\"><input size=\"40\" maxlength=\"400\" class=\"wpcf7-form-control wpcf7-text wpcf7-validates-as-required\" autocomplete=\"name\" aria-required=\"true\" aria-invalid=\"false\" value=\"\" type=\"text\" name=\"your-name\" \/><\/span> <\/label>\n<\/p>\n<p><label> El. Pa\u0161tas<br \/>\n<span class=\"wpcf7-form-control-wrap\" data-name=\"your-email\"><input size=\"40\" maxlength=\"400\" class=\"wpcf7-form-control wpcf7-email wpcf7-validates-as-required wpcf7-text wpcf7-validates-as-email\" autocomplete=\"email\" aria-required=\"true\" aria-invalid=\"false\" value=\"\" type=\"email\" name=\"your-email\" \/><\/span> <\/label>\n<\/p>\n<p><label> Pasirinkite tinkam\u0105 variant\u0105<br \/>\n<span class=\"wpcf7-form-control-wrap\" data-name=\"DalyvioTipas\"><select class=\"wpcf7-form-control wpcf7-select wpcf7-validates-as-required\" aria-required=\"true\" aria-invalid=\"false\" name=\"DalyvioTipas\"><option value=\"Komanda\">Komanda<\/option><option value=\"Vienas dalyvis\">Vienas dalyvis<\/option><option value=\"Ne pilna komanda\">Ne pilna komanda<\/option><\/select><\/span><\/label>\n<\/p>\n<p><label> Telefono Numeris<br \/>\n<span class=\"wpcf7-form-control-wrap\" data-name=\"tel-162\"><input size=\"40\" maxlength=\"400\" class=\"wpcf7-form-control wpcf7-tel wpcf7-validates-as-required wpcf7-text wpcf7-validates-as-tel\" aria-required=\"true\" aria-invalid=\"false\" value=\"\" type=\"tel\" name=\"tel-162\" \/><\/span> <\/label>\n<\/p>\n<p><label> \u017dinut\u0117<br \/>\n<span class=\"wpcf7-form-control-wrap\" data-name=\"your-message\"><textarea cols=\"40\" rows=\"10\" maxlength=\"2000\" class=\"wpcf7-form-control wpcf7-textarea\" aria-invalid=\"false\" name=\"your-message\"><\/textarea><\/span> <\/label>\n<\/p>\n<p><button class=\"wpcf7-form-control wpcf7-submit qodef-btn qodef-btn-medium qodef-btn-solid qodef-btn-custom-hover-color qodef-btn-custom-hover-bg qodef-btn-custom-border-hover\" type=\"submit\"><span class=\"qodef-btn-text\">Si\u0173sti<\/span><span class=\"qodef-btn-wave-holder\"><\/span><\/button>\n<\/p><div class=\"wpcf7-response-output\" aria-hidden=\"true\"><\/div>\n<\/form>\n<\/div>\n<\/code><\/p>\n","protected":false},"excerpt":{"rendered":"<p>Rugpj\u016b\u010dio 2-3d. vyks Rusn\u0117s muzikos festivalis.<\/p>\n","protected":false},"featured_media":3778,"comment_status":"closed","ping_status":"closed","template":"","meta":{"pmpro_default_level":""},"product_brand":[],"product_cat":[70],"product_tag":[71,72,73],"class_list":{"0":"post-3797","1":"product","2":"type-product","3":"status-publish","4":"has-post-thumbnail","6":"product_cat-renginiai","7":"product_tag-drakono-valtis","8":"product_tag-irklavimas","9":"product_tag-komandinis-darbas","10":"pmpro-has-access","12":"first","13":"instock","14":"shipping-taxable","15":"product-type-simple"},"_links":{"self":[{"href":"https:\/\/dragonboat.lt\/index.php?rest_route=\/wp\/v2\/product\/3797","targetHints":{"allow":["GET"]}}],"collection":[{"href":"https:\/\/dragonboat.lt\/index.php?rest_route=\/wp\/v2\/product"}],"about":[{"href":"https:\/\/dragonboat.lt\/index.php?rest_route=\/wp\/v2\/types\/product"}],"replies":[{"embeddable":true,"href":"https:\/\/dragonboat.lt\/index.php?rest_route=%2Fwp%2Fv2%2Fcomments&post=3797"}],"wp:featuredmedia":[{"embeddable":true,"href":"https:\/\/dragonboat.lt\/index.php?rest_route=\/wp\/v2\/media\/3778"}],"wp:attachment":[{"href":"https:\/\/dragonboat.lt\/index.php?rest_route=%2Fwp%2Fv2%2Fmedia&parent=3797"}],"wp:term":[{"taxonomy":"product_brand","embeddable":true,"href":"https:\/\/dragonboat.lt\/index.php?rest_route=%2Fwp%2Fv2%2Fproduct_brand&post=3797"},{"taxonomy":"product_cat","embeddable":true,"href":"https:\/\/dragonboat.lt\/index.php?rest_route=%2Fwp%2Fv2%2Fproduct_cat&post=3797"},{"taxonomy":"product_tag","embeddable":true,"href":"https:\/\/dragonboat.lt\/index.php?rest_route=%2Fwp%2Fv2%2Fproduct_tag&post=3797"}],"curies":[{"name":"wp","href":"https:\/\/api.w.org\/{rel}","templated":true}]}}