{"id":3796,"date":"2024-05-10T16:49:33","date_gmt":"2024-05-10T13:49:33","guid":{"rendered":"https:\/\/dragonboat.lt\/?post_type=product&#038;p=3796"},"modified":"2024-06-07T10:28:02","modified_gmt":"2024-06-07T07:28:02","slug":"siesikai-vel-kviecia-uzsikurti-vasarai","status":"publish","type":"product","link":"https:\/\/dragonboat.lt\/?product=siesikai-vel-kviecia-uzsikurti-vasarai","title":{"rendered":"SIESIKAI V\u0116L KVIE\u010cIA U\u017dSIKURTI VASARAI"},"content":{"rendered":"<p><strong>Bir\u017eelio 14-15d.<\/strong>\u00a0 J\u016bs\u0173 laukia smagiausia vasaros pramoga prie Siesik\u0173 pilies. Tai puiki proga\u00a0 pab\u0117gti nuo kasdienyb\u0117s, aktyviai pajud\u0117ti, sustiprinti ry\u0161\u012f tarp komandos nari\u0173 ir pajausti var\u017eyb\u0173 azart\u0105.<\/p>\n<p><span style=\"color: #ff0000;\"><strong>D\u017dIAUGSMAS \u2013 SVEIKATA &#8211; ADRENALINAS garantuotas!!!<\/strong><\/span><\/p>\n<p>Bir\u017eelio 14d. 12:00- 17:00 val moksleivi\u0173 regata. Nuo 8.00 val. iki 11.30 val. &#8211; treniruo\u010di\u0173 laikas.<\/p>\n<p>Bir\u017eelio 15d. 12:00- 17:00 val suaugusi\u0173j\u0173 var\u017eybos. Nuo 8.00 val. iki 11.30 val. &#8211; treniruo\u010di\u0173 laikas. Var\u017eybos vyks did\u017eiosiomis valtimis : 20 irkluotojai + b\u016bgnininkas+vairininkas.<br \/>\nVar\u017eyb\u0173 distancija 400 metr\u0173. Nugal\u0117toj\u0173 lauks apdovanojimai. B\u016bsite apr\u016bpinti visu<br \/>\nreikiamu irklavimui inventoriumi. Saugumas garantuotas.<\/p>\n<p><strong>Irkluoti gali kiekvienas<\/strong>, nereikia jokio fizinio pasiruo\u0161imo &#8211; svarbu gera nuotaika ir komandin\u0117 dvasia. Tai puiki pramoga \u00a0nepriklausanti nuo am\u017eiaus.<\/p>\n<p><strong>REGISTRUOJAM\u0116S\u00a0JAU DABAR: <\/strong><a href=\"mailto:info@dragonboat.lt\" target=\"_blank\" rel=\"noopener\">info@dragonboat.lt<\/a> arba tel. <a href=\"tel:+37065240596\" target=\"_blank\" rel=\"noopener\">+370 652 40596<\/a> Saulius<\/p>\n<p>Rinkite komand\u0105, registruokit\u0117s\u00a0<strong>jau dabar<\/strong> <strong>Bandomajai treniruotei<\/strong>\u00a0ir gaukite\u00a0<strong>asmenin\u0119 Drakono val\u010di\u0173 dovan\u0105.<\/strong><\/p>\n<p>&nbsp;<br \/>\n<code>\n<div class=\"wpcf7 no-js\" id=\"wpcf7-f4012-o1\" lang=\"en-US\" dir=\"ltr\" data-wpcf7-id=\"4012\">\n<div class=\"screen-reader-response\"><p role=\"status\" aria-live=\"polite\" aria-atomic=\"true\"><\/p> <ul><\/ul><\/div>\n<form action=\"\/index.php?rest_route=%2Fwp%2Fv2%2Fproduct%2F3796#wpcf7-f4012-o1\" method=\"post\" class=\"wpcf7-form init\" aria-label=\"Contact form\" novalidate=\"novalidate\" data-status=\"init\">\n<fieldset class=\"hidden-fields-container\"><input type=\"hidden\" name=\"_wpcf7\" value=\"4012\" \/><input type=\"hidden\" name=\"_wpcf7_version\" value=\"6.1.3\" \/><input type=\"hidden\" name=\"_wpcf7_locale\" value=\"en_US\" \/><input type=\"hidden\" name=\"_wpcf7_unit_tag\" value=\"wpcf7-f4012-o1\" \/><input type=\"hidden\" name=\"_wpcf7_container_post\" value=\"0\" \/><input type=\"hidden\" name=\"_wpcf7_posted_data_hash\" value=\"\" \/>\n<\/fieldset>\n<p><label> J\u016bs\u0173 Vardas, Pavard\u0117<br \/>\n<span class=\"wpcf7-form-control-wrap\" data-name=\"your-name\"><input size=\"40\" maxlength=\"400\" class=\"wpcf7-form-control wpcf7-text wpcf7-validates-as-required\" autocomplete=\"name\" aria-required=\"true\" aria-invalid=\"false\" value=\"\" type=\"text\" name=\"your-name\" \/><\/span> <\/label>\n<\/p>\n<p><label> El. Pa\u0161tas<br \/>\n<span class=\"wpcf7-form-control-wrap\" data-name=\"your-email\"><input size=\"40\" maxlength=\"400\" class=\"wpcf7-form-control wpcf7-email wpcf7-validates-as-required wpcf7-text wpcf7-validates-as-email\" autocomplete=\"email\" aria-required=\"true\" aria-invalid=\"false\" value=\"\" type=\"email\" name=\"your-email\" \/><\/span> <\/label>\n<\/p>\n<p><label> Pasirinkite tinkam\u0105 variant\u0105<br \/>\n<span class=\"wpcf7-form-control-wrap\" data-name=\"DalyvioTipas\"><select class=\"wpcf7-form-control wpcf7-select wpcf7-validates-as-required\" aria-required=\"true\" aria-invalid=\"false\" name=\"DalyvioTipas\"><option value=\"Komanda\">Komanda<\/option><option value=\"Vienas dalyvis\">Vienas dalyvis<\/option><option value=\"Ne pilna komanda\">Ne pilna komanda<\/option><\/select><\/span><\/label>\n<\/p>\n<p><label> Telefono Numeris<br \/>\n<span class=\"wpcf7-form-control-wrap\" data-name=\"tel-162\"><input size=\"40\" maxlength=\"400\" class=\"wpcf7-form-control wpcf7-tel wpcf7-validates-as-required wpcf7-text wpcf7-validates-as-tel\" aria-required=\"true\" aria-invalid=\"false\" value=\"\" type=\"tel\" name=\"tel-162\" \/><\/span> <\/label>\n<\/p>\n<p><label> \u017dinut\u0117<br \/>\n<span class=\"wpcf7-form-control-wrap\" data-name=\"your-message\"><textarea cols=\"40\" rows=\"10\" maxlength=\"2000\" class=\"wpcf7-form-control wpcf7-textarea\" aria-invalid=\"false\" name=\"your-message\"><\/textarea><\/span> <\/label>\n<\/p>\n<p><button class=\"wpcf7-form-control wpcf7-submit qodef-btn qodef-btn-medium qodef-btn-solid qodef-btn-custom-hover-color qodef-btn-custom-hover-bg qodef-btn-custom-border-hover\" type=\"submit\"><span class=\"qodef-btn-text\">Si\u0173sti<\/span><span class=\"qodef-btn-wave-holder\"><\/span><\/button>\n<\/p><div class=\"wpcf7-response-output\" aria-hidden=\"true\"><\/div>\n<\/form>\n<\/div>\n<\/code><\/p>\n","protected":false},"excerpt":{"rendered":"<p>Bir\u017eelio 14-15d. Drakono val\u010di\u0173 \u0161vent\u0117 prie Siesik\u0173<br \/>\npilies.<\/p>\n","protected":false},"featured_media":3780,"comment_status":"closed","ping_status":"closed","template":"","meta":{"pmpro_default_level":""},"product_brand":[],"product_cat":[70],"product_tag":[71,72,73],"class_list":{"0":"post-3796","1":"product","2":"type-product","3":"status-publish","4":"has-post-thumbnail","6":"product_cat-renginiai","7":"product_tag-drakono-valtis","8":"product_tag-irklavimas","9":"product_tag-komandinis-darbas","10":"pmpro-has-access","12":"first","13":"instock","14":"shipping-taxable","15":"product-type-simple"},"_links":{"self":[{"href":"https:\/\/dragonboat.lt\/index.php?rest_route=\/wp\/v2\/product\/3796","targetHints":{"allow":["GET"]}}],"collection":[{"href":"https:\/\/dragonboat.lt\/index.php?rest_route=\/wp\/v2\/product"}],"about":[{"href":"https:\/\/dragonboat.lt\/index.php?rest_route=\/wp\/v2\/types\/product"}],"replies":[{"embeddable":true,"href":"https:\/\/dragonboat.lt\/index.php?rest_route=%2Fwp%2Fv2%2Fcomments&post=3796"}],"wp:featuredmedia":[{"embeddable":true,"href":"https:\/\/dragonboat.lt\/index.php?rest_route=\/wp\/v2\/media\/3780"}],"wp:attachment":[{"href":"https:\/\/dragonboat.lt\/index.php?rest_route=%2Fwp%2Fv2%2Fmedia&parent=3796"}],"wp:term":[{"taxonomy":"product_brand","embeddable":true,"href":"https:\/\/dragonboat.lt\/index.php?rest_route=%2Fwp%2Fv2%2Fproduct_brand&post=3796"},{"taxonomy":"product_cat","embeddable":true,"href":"https:\/\/dragonboat.lt\/index.php?rest_route=%2Fwp%2Fv2%2Fproduct_cat&post=3796"},{"taxonomy":"product_tag","embeddable":true,"href":"https:\/\/dragonboat.lt\/index.php?rest_route=%2Fwp%2Fv2%2Fproduct_tag&post=3796"}],"curies":[{"name":"wp","href":"https:\/\/api.w.org\/{rel}","templated":true}]}}