{"id":3891,"date":"2024-05-14T17:53:17","date_gmt":"2024-05-14T14:53:17","guid":{"rendered":"https:\/\/dragonboat.lt\/?page_id=3891"},"modified":"2024-08-04T16:38:51","modified_gmt":"2024-08-04T13:38:51","slug":"siauliu-irklavimo-klubas","status":"publish","type":"page","link":"https:\/\/dragonboat.lt\/?page_id=3891","title":{"rendered":"\u0160iauli\u0173 Irklavimo Klubas"},"content":{"rendered":"<p>[vc_row enable_surfer_icon=&#8221;no&#8221;][vc_column][vc_raw_html]JTVCcmV2X3NsaWRlciUyMGFsaWFzJTNEJTIyQ29udGFjdC1QYWdlJTIyJTVEJTVCJTJGcmV2X3NsaWRlciU1RA==[\/vc_raw_html][\/vc_column][\/vc_row][vc_row][vc_column css=&#8221;.vc_custom_1715165605892{margin-top: 50px !important;margin-bottom: 70px !important;}&#8221;]<div class=\"qodef-section-title-holder  \" >\n\t<div class=\"qodef-st-inner\">\n        \t\t\t\t\t<h2 class=\"qodef-st-title\" >\n\t\t\t\t\u0160iauli\u0173 Irklavimo Klubas\t\t\t<\/h2>\n\t\t        \t\t\t\t\t<\/div>\n<\/div>[vc_column_text]Nori \u012fgauti sportin\u0119 form\u0105 ar ie\u0161kai pramogos gryname ore? Kvie\u010diame i\u0161bandyti komandin\u0119 vandens sporto \u0161ak\u0105-drakono valtis! Irkluojant valtis dirba visi k\u016bno raumenys ir gr\u016bdinamas organizmas. Renkamos vyr\u0173, moter\u0173,vaik\u0173 ir mi\u0161rios grup\u0117s.<\/p>\n<p>Sudomino ir nori i\u0161bandyti?\u00a0 Kvie\u010diame atvykti ir i\u0161bandyti nauj\u0105 pramog\u0105, kuri nepalieka nei vieno abejingo. <strong>Atvyk \u012f treniruot\u0119<\/strong>, kuri trunka\u00a0 valand\u0105, bet patirtos emocijos lyd\u0117s ilg\u0105 laik\u0105. Pasikvieskite draugus ir kolegas po darbo prasiplaukti su i\u0161skirtin\u0117mis komandin\u0117mis valtimis. Tai puiki pramoga moksleiviams.<\/p>\n<p><strong>Atvyk su komanda ar registruokis atskirai ir mes pasir\u016bpinsime tavo komanda.<\/strong><\/p>\n<p>Tai k\u0105 patirsite treniruot\u0117se, motyvuos sudalyvauti ir masinio irklavimo \u0161vent\u0117se (nuoroda \u012f renginius)[\/vc_column_text][\/vc_column][\/vc_row][vc_row][vc_column width=&#8221;1\/2&#8243; css=&#8221;.vc_custom_1715165814563{padding-bottom: 20px !important;}&#8221;]<div class=\"qodef-section-title-holder  \" >\n\t<div class=\"qodef-st-inner\">\n        \t\t\t\t\t<h2 class=\"qodef-st-title\" >\n\t\t\t\tInformacija\t\t\t<\/h2>\n\t\t        \t\t\t\t\t<\/div>\n<\/div>[vc_empty_space height=&#8221;50px&#8221;][vc_column_text]<\/p>\n<h4>Renginio vieta:<\/h4>\n<p><strong>\u0160iauli\u0173 irklavimo klubas<\/strong>, \u017dvyro 34, \u0160iauliai<\/p>\n<h4>Dalyvi\u0173 skai\u010dius:<\/h4>\n<p>Nuo 10 iki 500 dalyvi\u0173.<\/p>\n<h4>Dalyvio mokestis:<\/h4>\n<p>Nuo 5 iki 100 Eur[\/vc_column_text][\/vc_column][vc_column width=&#8221;1\/2&#8243;]<div class=\"qodef-section-title-holder  \" >\n\t<div class=\"qodef-st-inner\">\n        \t\t\t\t\t<h2 class=\"qodef-st-title\" >\n\t\t\t\tSusisiekite\t\t\t<\/h2>\n\t\t        \t\t\t\t\t<\/div>\n<\/div>[vc_raw_html css=&#8221;.vc_custom_1715698407036{margin-top: 50px !important;}&#8221;]JTVCY29udGFjdC1mb3JtLTclMjBpZCUzRCUyMmQ3YmUwYTklMjIlMjB0aXRsZSUzRCUyMktsdWJhaV8lQzUlQTBpYXVsaWFpJTIyJTVE[\/vc_raw_html][\/vc_column][\/vc_row]<\/p>\n","protected":false},"excerpt":{"rendered":"<p>[vc_row enable_surfer_icon=&#8221;no&#8221;][vc_column][vc_raw_html]JTVCcmV2X3NsaWRlciUyMGFsaWFzJTNEJTIyQ29udGFjdC1QYWdlJTIyJTVEJTVCJTJGcmV2X3NsaWRlciU1RA==[\/vc_raw_html][\/vc_column][\/vc_row][vc_row][vc_column css=&#8221;.vc_custom_1715165605892{margin-top: 50px !important;margin-bottom: 70px !important;}&#8221;][vc_column_text]Nori \u012fgauti sportin\u0119 form\u0105 ar ie\u0161kai pramogos gryname ore? Kvie\u010diame i\u0161bandyti komandin\u0119 vandens sporto \u0161ak\u0105-drakono valtis! Irkluojant valtis dirba visi k\u016bno raumenys ir gr\u016bdinamas organizmas. Renkamos vyr\u0173, moter\u0173,vaik\u0173 ir mi\u0161rios grup\u0117s. Sudomino ir nori [&hellip;]<\/p>\n","protected":false},"author":4,"featured_media":0,"parent":3875,"menu_order":0,"comment_status":"closed","ping_status":"closed","template":"","meta":{"pmpro_default_level":"","footnotes":""},"class_list":["post-3891","page","type-page","status-publish","hentry","pmpro-has-access"],"_links":{"self":[{"href":"https:\/\/dragonboat.lt\/index.php?rest_route=\/wp\/v2\/pages\/3891","targetHints":{"allow":["GET"]}}],"collection":[{"href":"https:\/\/dragonboat.lt\/index.php?rest_route=\/wp\/v2\/pages"}],"about":[{"href":"https:\/\/dragonboat.lt\/index.php?rest_route=\/wp\/v2\/types\/page"}],"author":[{"embeddable":true,"href":"https:\/\/dragonboat.lt\/index.php?rest_route=\/wp\/v2\/users\/4"}],"replies":[{"embeddable":true,"href":"https:\/\/dragonboat.lt\/index.php?rest_route=%2Fwp%2Fv2%2Fcomments&post=3891"}],"version-history":[{"count":2,"href":"https:\/\/dragonboat.lt\/index.php?rest_route=\/wp\/v2\/pages\/3891\/revisions"}],"predecessor-version":[{"id":3893,"href":"https:\/\/dragonboat.lt\/index.php?rest_route=\/wp\/v2\/pages\/3891\/revisions\/3893"}],"up":[{"embeddable":true,"href":"https:\/\/dragonboat.lt\/index.php?rest_route=\/wp\/v2\/pages\/3875"}],"wp:attachment":[{"href":"https:\/\/dragonboat.lt\/index.php?rest_route=%2Fwp%2Fv2%2Fmedia&parent=3891"}],"curies":[{"name":"wp","href":"https:\/\/api.w.org\/{rel}","templated":true}]}}