{"id":3875,"date":"2024-05-14T13:40:37","date_gmt":"2024-05-14T10:40:37","guid":{"rendered":"https:\/\/dragonboat.lt\/?page_id=3875"},"modified":"2024-08-04T16:38:42","modified_gmt":"2024-08-04T13:38:42","slug":"klubai","status":"publish","type":"page","link":"https:\/\/dragonboat.lt\/?page_id=3875","title":{"rendered":"Klubai"},"content":{"rendered":"<p>[vc_row enable_surfer_icon=&#8221;no&#8221;][vc_column][vc_raw_html]JTVCcmV2X3NsaWRlciUyMGFsaWFzJTNEJTIySXJrbGF2aW1vLUtsdWJhaSUyMiU1RCU1QiUyRnJldl9zbGlkZXIlNUQ=[\/vc_raw_html][\/vc_column][\/vc_row][vc_row][vc_column css=&#8221;.vc_custom_1715165605892{margin-top: 50px !important;margin-bottom: 70px !important;}&#8221;]<div class=\"qodef-section-title-holder  \" >\n\t<div class=\"qodef-st-inner\">\n        \t\t\t\t\t<h2 class=\"qodef-st-title\" >\n\t\t\t\tIrklavimo Klubai\t\t\t<\/h2>\n\t\t        \t\t\t\t\t<\/div>\n<\/div>[vc_column_text]Nori \u012fgauti sportin\u0119 form\u0105 ar ie\u0161kai pramogos gryname ore? Kvie\u010diame i\u0161bandyti komandin\u0119 vandens sporto \u0161ak\u0105-drakono valtis! Irkluojant valtis dirba visi k\u016bno raumenys ir gr\u016bdinamas organizmas. Renkamos vyr\u0173, moter\u0173,vaik\u0173 ir mi\u0161rios grup\u0117s.<\/p>\n<p>Sudomino ir nori i\u0161bandyti?\u00a0 Kvie\u010diame atvykti ir i\u0161bandyti nauj\u0105 pramog\u0105, kuri nepalieka nei vieno abejingo. <strong>Atvyk \u012f treniruot\u0119<\/strong>, kuri trunka\u00a0 valand\u0105, bet patirtos emocijos lyd\u0117s ilg\u0105 laik\u0105. Pasikvieskite draugus ir kolegas po darbo prasiplaukti su i\u0161skirtin\u0117mis komandin\u0117mis valtimis. Tai puiki pramoga moksleiviams.<\/p>\n<p><strong>Atvyk su komanda ar registruokis atskirai ir mes pasir\u016bpinsime tavo komanda.<\/strong><\/p>\n<p>Tai k\u0105 patirsite treniruot\u0117se, motyvuos sudalyvauti ir masinio irklavimo \u0161vent\u0117se (nuoroda \u012f renginius)[\/vc_column_text][\/vc_column][\/vc_row][vc_row equal_height=&#8221;yes&#8221;][vc_column width=&#8221;1\/4&#8243; css=&#8221;.vc_custom_1715165814563{padding-bottom: 20px !important;}&#8221;][vc_single_image image=&#8221;3037&#8243; img_size=&#8221;100&#215;120&#8243; css=&#8221;.vc_custom_1715680308401{padding-bottom: 10px !important;padding-left: px !important;}&#8221;][vc_empty_space height=&#8221;10px&#8221;]<div class=\"qodef-section-title-holder  \" >\n\t<div class=\"qodef-st-inner\">\n        \t\t\t\t\t<h2 class=\"qodef-st-title\" >\n\t\t\t\tKaunas\t\t\t<\/h2>\n\t\t        \t\t\t\t\t<\/div>\n<\/div>[vc_empty_space height=&#8221;10px&#8221;][vc_column_text]<\/p>\n<h4>Renginio vieta:<\/h4>\n<p><strong>Komandinio irklavimo klubas \u201eSlibinas\u201c <\/strong>, Lamp\u0117d\u017ei\u0173 irklavimo sporto baz\u0117 \u201eBankp\u016btys\u201c, Gervi\u0173 5, Kaunas[\/vc_column_text]<div class=\"qodef-section-title-holder  \" style=\"text-align: left\">\n\t<div class=\"qodef-st-inner\">\n        \t\t        \t\t\t\t\t\t\t<div class=\"qodef-st-button\"><a itemprop=\"url\" href=\"https:\/\/dragonboat.lt\/?page_id=3879\" target=\"_self\" style=\"color: #0a0a0a;margin: 20px 0 0\" class=\"qodef-btn qodef-btn-medium qodef-btn-outline qodef-btn-wave-hover\"  >        <span class=\"qodef-btn-text\">Su\u017einoti daugiau<\/span>            <span class=\"qodef-btn-wave-holder\" style=\"background-image: url(&quot;data:image\/svg+xml,%3Csvg xmlns=&#039;http:\/\/www.w3.org\/2000\/svg&#039; x=&#039;0px&#039; y=&#039;0px&#039; width=&#039;172px&#039; height=&#039;126px&#039; viewBox=&#039;0 0 172 125.7&#039; enable-background=&#039;0 0 172 125.7&#039; xml:space=&#039;preserve&#039; %3E%3Cpath fill=&#039;%23000000&#039; d=&#039;M173,22.7c-33.9,0-44.7-14.1-88.4-14.1c-43.6,0-54.5,14.1-86,14.1V126l174.4-0.3C173,125.7,173,28.7,173,22.7z&#039;\/%3E%3C\/svg%3E&quot;)\" ><\/span>        <\/a><\/div>\n\t\t\t<\/div>\n<\/div>[\/vc_column][vc_column width=&#8221;1\/4&#8243;][vc_single_image image=&#8221;3862&#8243; img_size=&#8221;100&#215;120&#8243; css=&#8221;.vc_custom_1715680301135{padding-bottom: 10px !important;padding-left: px !important;}&#8221;][vc_empty_space height=&#8221;10px&#8221;]<div class=\"qodef-section-title-holder  \" >\n\t<div class=\"qodef-st-inner\">\n        \t\t\t\t\t<h2 class=\"qodef-st-title\" >\n\t\t\t\tTrakai\t\t\t<\/h2>\n\t\t        \t\t\t\t\t<\/div>\n<\/div>[vc_empty_space height=&#8221;10px&#8221;][vc_column_text]<\/p>\n<h4>Renginio vieta:<\/h4>\n<p><strong>Poilsio ir pramog\u0173 kompleksas \u201eSl\u0117nis Trakuose\u201c<\/strong> prie Galv\u0117s e\u017eero, Sl\u0117nio 1, Trakai<br \/>\n.[\/vc_column_text]<div class=\"qodef-section-title-holder  \" style=\"text-align: left\">\n\t<div class=\"qodef-st-inner\">\n        \t\t        \t\t\t\t\t\t\t<div class=\"qodef-st-button\"><a itemprop=\"url\" href=\"https:\/\/dragonboat.lt\/?page_id=3886\" target=\"_self\" style=\"color: #0a0a0a;margin: 20px 0 0\" class=\"qodef-btn qodef-btn-medium qodef-btn-outline qodef-btn-wave-hover\"  >        <span class=\"qodef-btn-text\">Su\u017einoti daugiau<\/span>            <span class=\"qodef-btn-wave-holder\" style=\"background-image: url(&quot;data:image\/svg+xml,%3Csvg xmlns=&#039;http:\/\/www.w3.org\/2000\/svg&#039; x=&#039;0px&#039; y=&#039;0px&#039; width=&#039;172px&#039; height=&#039;126px&#039; viewBox=&#039;0 0 172 125.7&#039; enable-background=&#039;0 0 172 125.7&#039; xml:space=&#039;preserve&#039; %3E%3Cpath fill=&#039;%23000000&#039; d=&#039;M173,22.7c-33.9,0-44.7-14.1-88.4-14.1c-43.6,0-54.5,14.1-86,14.1V126l174.4-0.3C173,125.7,173,28.7,173,22.7z&#039;\/%3E%3C\/svg%3E&quot;)\" ><\/span>        <\/a><\/div>\n\t\t\t<\/div>\n<\/div>[\/vc_column][vc_column width=&#8221;1\/4&#8243;][vc_single_image image=&#8221;3861&#8243; img_size=&#8221;100&#215;120&#8243; css=&#8221;.vc_custom_1715680315112{padding-bottom: 10px !important;padding-left: px !important;}&#8221;][vc_empty_space height=&#8221;10px&#8221;]<div class=\"qodef-section-title-holder  \" >\n\t<div class=\"qodef-st-inner\">\n        \t\t\t\t\t<h2 class=\"qodef-st-title\" >\n\t\t\t\t\u0160iauliai\t\t\t<\/h2>\n\t\t        \t\t\t\t\t<\/div>\n<\/div>[vc_empty_space height=&#8221;10px&#8221;][vc_column_text]<\/p>\n<h4>Renginio vieta:<\/h4>\n<p><strong>\u0160iauli\u0173 irklavimo klubas<\/strong>,<br \/>\n\u017dvyro 34,<br \/>\n\u0160iauliai<br \/>\n.[\/vc_column_text]<div class=\"qodef-section-title-holder  \" style=\"text-align: left\">\n\t<div class=\"qodef-st-inner\">\n        \t\t        \t\t\t\t\t\t\t<div class=\"qodef-st-button\"><a itemprop=\"url\" href=\"https:\/\/dragonboat.lt\/?page_id=3891\" target=\"_self\" style=\"color: #0a0a0a;margin: 20px 0 0\" class=\"qodef-btn qodef-btn-medium qodef-btn-outline qodef-btn-wave-hover\"  >        <span class=\"qodef-btn-text\">Su\u017einoti daugiau<\/span>            <span class=\"qodef-btn-wave-holder\" style=\"background-image: url(&quot;data:image\/svg+xml,%3Csvg xmlns=&#039;http:\/\/www.w3.org\/2000\/svg&#039; x=&#039;0px&#039; y=&#039;0px&#039; width=&#039;172px&#039; height=&#039;126px&#039; viewBox=&#039;0 0 172 125.7&#039; enable-background=&#039;0 0 172 125.7&#039; xml:space=&#039;preserve&#039; %3E%3Cpath fill=&#039;%23000000&#039; d=&#039;M173,22.7c-33.9,0-44.7-14.1-88.4-14.1c-43.6,0-54.5,14.1-86,14.1V126l174.4-0.3C173,125.7,173,28.7,173,22.7z&#039;\/%3E%3C\/svg%3E&quot;)\" ><\/span>        <\/a><\/div>\n\t\t\t<\/div>\n<\/div>[\/vc_column][vc_column width=&#8221;1\/4&#8243;][vc_single_image image=&#8221;3038&#8243; img_size=&#8221;100&#215;120&#8243; css=&#8221;.vc_custom_1715680320865{padding-bottom: 10px !important;padding-left: px !important;}&#8221;][vc_empty_space height=&#8221;10px&#8221;]<div class=\"qodef-section-title-holder  \" >\n\t<div class=\"qodef-st-inner\">\n        \t\t\t\t\t<h2 class=\"qodef-st-title\" >\n\t\t\t\tPanev\u0117\u017eys\t\t\t<\/h2>\n\t\t        \t\t\t\t\t<\/div>\n<\/div>[vc_empty_space height=&#8221;10px&#8221;][vc_column_text]<\/p>\n<h4>Renginio vieta:<\/h4>\n<p><strong>Irklavimo klubas\u201cPaneve\u017eio drakonai\u201c, <\/strong>Pajuost\u0117s pl. 27B, Panev\u0117\u017eys<br \/>\n.[\/vc_column_text]<div class=\"qodef-section-title-holder  \" style=\"text-align: left\">\n\t<div class=\"qodef-st-inner\">\n        \t\t        \t\t\t\t\t\t\t<div class=\"qodef-st-button\"><a itemprop=\"url\" href=\"https:\/\/dragonboat.lt\/?page_id=3895\" target=\"_self\" style=\"color: #0a0a0a;margin: 20px 0 0\" class=\"qodef-btn qodef-btn-medium qodef-btn-outline qodef-btn-wave-hover\"  >        <span class=\"qodef-btn-text\">Su\u017einoti daugiau<\/span>            <span class=\"qodef-btn-wave-holder\" style=\"background-image: url(&quot;data:image\/svg+xml,%3Csvg xmlns=&#039;http:\/\/www.w3.org\/2000\/svg&#039; x=&#039;0px&#039; y=&#039;0px&#039; width=&#039;172px&#039; height=&#039;126px&#039; viewBox=&#039;0 0 172 125.7&#039; enable-background=&#039;0 0 172 125.7&#039; xml:space=&#039;preserve&#039; %3E%3Cpath fill=&#039;%23000000&#039; d=&#039;M173,22.7c-33.9,0-44.7-14.1-88.4-14.1c-43.6,0-54.5,14.1-86,14.1V126l174.4-0.3C173,125.7,173,28.7,173,22.7z&#039;\/%3E%3C\/svg%3E&quot;)\" ><\/span>        <\/a><\/div>\n\t\t\t<\/div>\n<\/div>[\/vc_column][\/vc_row][vc_row][vc_column][vc_empty_space height=&#8221;100px&#8221;][vc_empty_space][vc_single_image image=&#8221;3981&#8243; img_size=&#8221;full&#8221; alignment=&#8221;center&#8221;][vc_empty_space height=&#8221;50px&#8221;][\/vc_column][\/vc_row][vc_row css=&#8221;.vc_custom_1716299072165{margin-top: 20px !important;}&#8221;][vc_column width=&#8221;1\/2&#8243; css=&#8221;.vc_custom_1715165814563{padding-bottom: 20px !important;}&#8221;]<div class=\"qodef-section-title-holder  \" >\n\t<div class=\"qodef-st-inner\">\n        \t\t\t\t\t<h2 class=\"qodef-st-title\" >\n\t\t\t\tInformacija\t\t\t<\/h2>\n\t\t        \t\t\t\t\t<\/div>\n<\/div>[vc_empty_space height=&#8221;50px&#8221;][vc_column_text]<\/p>\n<h4>Vienkartinis apsilankymas:<\/h4>\n<p>Vienam: 15 eur;<\/p>\n<p>Komandai: 300 eur ( Dovan\u0173 marskin\u0117liai + kepur\u0117l\u0117 ) <strong>20 dalyvi\u0173<\/strong><\/p>\n<p>Komandai: 120 eur <strong>8 dalyviai<\/strong><\/p>\n<p>&nbsp;<\/p>\n<h4>M\u0117nesiniai Abonimentai:<\/h4>\n<p>Vienam: 40 eur per m\u0117nes\u012f.<\/p>\n<p>Komandai: 800 eur per m\u0117nes\u012f. <strong>20 dalyvi\u0173<\/strong><\/p>\n<p>Komandai: 320 eur per m\u0117nes\u012f. <strong>8 dalyviai.<\/strong><\/p>\n<p>&nbsp;<\/p>\n<h4>Papildoma informacija:<\/h4>\n<p><strong>M\u0117nesiniai abonimentai<\/strong> suteikia galimyb\u0119 dalyvauti<strong> 8 treniruot\u0117se<\/strong> per m\u0117nes\u012f.<\/p>\n<p>Nesusirinkus pakankamam dalyvi\u0173 skai\u010diui, <strong>pinigai gr\u0105\u017einami per 2-5 d. d.<\/strong>[\/vc_column_text][\/vc_column][vc_column width=&#8221;1\/2&#8243;]<div class=\"qodef-section-title-holder  \" >\n\t<div class=\"qodef-st-inner\">\n        \t\t\t\t\t<h2 class=\"qodef-st-title\" >\n\t\t\t\tSusisiekite\t\t\t<\/h2>\n\t\t        \t\t\t\t\t<\/div>\n<\/div>[vc_raw_html css=&#8221;.vc_custom_1716299200365{margin-top: 50px !important;}&#8221;]JTVCY29udGFjdC1mb3JtLTclMjBpZCUzRCUyMmFjZTY4YmYlMjIlMjB0aXRsZSUzRCUyMlRyZW5pcnVvdCVDNCU5N3MlMjIlNUQ=[\/vc_raw_html][\/vc_column][\/vc_row]<\/p>\n","protected":false},"excerpt":{"rendered":"<p>[vc_row enable_surfer_icon=&#8221;no&#8221;][vc_column][vc_raw_html]JTVCcmV2X3NsaWRlciUyMGFsaWFzJTNEJTIySXJrbGF2aW1vLUtsdWJhaSUyMiU1RCU1QiUyRnJldl9zbGlkZXIlNUQ=[\/vc_raw_html][\/vc_column][\/vc_row][vc_row][vc_column css=&#8221;.vc_custom_1715165605892{margin-top: 50px !important;margin-bottom: 70px !important;}&#8221;][vc_column_text]Nori \u012fgauti sportin\u0119 form\u0105 ar ie\u0161kai pramogos gryname ore? Kvie\u010diame i\u0161bandyti komandin\u0119 vandens sporto \u0161ak\u0105-drakono valtis! Irkluojant valtis dirba visi k\u016bno raumenys ir gr\u016bdinamas organizmas. Renkamos vyr\u0173, moter\u0173,vaik\u0173 ir mi\u0161rios grup\u0117s. Sudomino ir nori [&hellip;]<\/p>\n","protected":false},"author":4,"featured_media":0,"parent":0,"menu_order":0,"comment_status":"closed","ping_status":"closed","template":"","meta":{"pmpro_default_level":"","footnotes":""},"class_list":["post-3875","page","type-page","status-publish","hentry","pmpro-has-access"],"_links":{"self":[{"href":"https:\/\/dragonboat.lt\/index.php?rest_route=\/wp\/v2\/pages\/3875","targetHints":{"allow":["GET"]}}],"collection":[{"href":"https:\/\/dragonboat.lt\/index.php?rest_route=\/wp\/v2\/pages"}],"about":[{"href":"https:\/\/dragonboat.lt\/index.php?rest_route=\/wp\/v2\/types\/page"}],"author":[{"embeddable":true,"href":"https:\/\/dragonboat.lt\/index.php?rest_route=\/wp\/v2\/users\/4"}],"replies":[{"embeddable":true,"href":"https:\/\/dragonboat.lt\/index.php?rest_route=%2Fwp%2Fv2%2Fcomments&post=3875"}],"version-history":[{"count":10,"href":"https:\/\/dragonboat.lt\/index.php?rest_route=\/wp\/v2\/pages\/3875\/revisions"}],"predecessor-version":[{"id":3986,"href":"https:\/\/dragonboat.lt\/index.php?rest_route=\/wp\/v2\/pages\/3875\/revisions\/3986"}],"wp:attachment":[{"href":"https:\/\/dragonboat.lt\/index.php?rest_route=%2Fwp%2Fv2%2Fmedia&parent=3875"}],"curies":[{"name":"wp","href":"https:\/\/api.w.org\/{rel}","templated":true}]}}