{"id":3537,"date":"2024-05-08T23:24:35","date_gmt":"2024-05-08T20:24:35","guid":{"rendered":"https:\/\/dragonboat.lt\/?page_id=3537"},"modified":"2024-08-04T16:38:26","modified_gmt":"2024-08-04T13:38:26","slug":"sventiniai-vakarai","status":"publish","type":"page","link":"https:\/\/dragonboat.lt\/?page_id=3537","title":{"rendered":"\u0160ventiniai vakarai"},"content":{"rendered":"<p>[vc_row enable_surfer_icon=&#8221;no&#8221;][vc_column css=&#8221;.vc_custom_1715165586788{margin-top: -75px !important;margin-bottom: 20px !important;}&#8221;][vc_raw_html]JTVCcmV2X3NsaWRlciUyMGFsaWFzJTNEJTIydmVudGluaWFpLVZha2FyYWklMjIlNUQlNUIlMkZyZXZfc2xpZGVyJTVE[\/vc_raw_html][\/vc_column][\/vc_row][vc_row][vc_column css=&#8221;.vc_custom_1715165605892{margin-top: 50px !important;margin-bottom: 70px !important;}&#8221;]<div class=\"qodef-section-title-holder  \" >\n\t<div class=\"qodef-st-inner\">\n        \t\t\t\t\t<h2 class=\"qodef-st-title\" >\n\t\t\t\t\u0160ventiniai vakarai\t\t\t<\/h2>\n\t\t        \t\t\t\t\t<\/div>\n<\/div>[vc_column_text]Ie\u0161kote id\u0117j\u0173 kaip praleisti gimin\u0117s susitikim\u0105, at\u0161v\u0119sti gimtadien\u012f, bernvakar\u012f ar mergvakar\u012f?<\/p>\n<p>Drokono val\u010di\u0173 festivalis kaip tik jums. Sutalpink draugus, gimin\u0119, artimuosius ir augintinius \u012f vien\u0105 valt\u012f ir pajausk kokia j\u0117ga toje vienyb\u0117je!<\/p>\n<p>Nauja, nepatirta, nepamir\u0161tama. Daug emocij\u0173 ir vienijan\u010dios j\u0117gos sutvirtinant savo gimin\u0119, draug\u0173 palaikymo komand\u0105 ar pa\u017eym\u0117ti savo svarbi\u0105 dat\u0105.[\/vc_column_text][vc_empty_space height=&#8221;50px&#8221;]<div class=\"qodef-section-title-holder  \" >\n\t<div class=\"qodef-st-inner\">\n        \t\t\t\t\t<h2 class=\"qodef-st-title\" >\n\t\t\t\tArtimiausi Renginiai\t\t\t<\/h2>\n\t\t        \t\t\t\t\t<\/div>\n<\/div>[\/vc_column][\/vc_row][vc_row][vc_column width=&#8221;1\/2&#8243; css=&#8221;.vc_custom_1715165814563{padding-bottom: 20px !important;}&#8221;]<div class=\"qodef-section-title-holder  \" >\n\t<div class=\"qodef-st-inner\">\n        \t\t\t\t\t<h2 class=\"qodef-st-title\" >\n\t\t\t\tInformacija\t\t\t<\/h2>\n\t\t        \t\t\t\t\t<\/div>\n<\/div>[vc_empty_space height=&#8221;50px&#8221;][vc_column_text]<\/p>\n<h4>Renginio vieta:<\/h4>\n<p>Prie vandens telkini\u0173.<\/p>\n<h4>Dalyvi\u0173 skai\u010dius:<\/h4>\n<p>Nuo 10 iki 500 dalyvi\u0173.<\/p>\n<h4>Dalyvio mokestis asmeniui:<\/h4>\n<p>Nuo 5 iki 50 Eur (priklauso nuo renginio vietos, dalyvi\u0173 skai\u010diaus, pageidaujam\u0173 pramog\u0173).[\/vc_column_text][\/vc_column][vc_column width=&#8221;1\/2&#8243;]<div class=\"qodef-section-title-holder  \" >\n\t<div class=\"qodef-st-inner\">\n        \t\t\t\t\t<h2 class=\"qodef-st-title\" >\n\t\t\t\tSusisiekite\t\t\t<\/h2>\n\t\t        \t\t\t\t\t<\/div>\n<\/div>[vc_raw_html css=&#8221;.vc_custom_1715165373832{margin-top: 50px !important;}&#8221;]JTVCY29udGFjdC1mb3JtLTclMjBpZCUzRCUyMmNhYmU1YTYlMjIlMjB0aXRsZSUzRCUyMlN1c2lzaWVraXRlJTIwRm9ybWElMjIlNUQ=[\/vc_raw_html][\/vc_column][\/vc_row]<\/p>\n","protected":false},"excerpt":{"rendered":"<p>[vc_row enable_surfer_icon=&#8221;no&#8221;][vc_column css=&#8221;.vc_custom_1715165586788{margin-top: -75px !important;margin-bottom: 20px !important;}&#8221;][vc_raw_html]JTVCcmV2X3NsaWRlciUyMGFsaWFzJTNEJTIydmVudGluaWFpLVZha2FyYWklMjIlNUQlNUIlMkZyZXZfc2xpZGVyJTVE[\/vc_raw_html][\/vc_column][\/vc_row][vc_row][vc_column css=&#8221;.vc_custom_1715165605892{margin-top: 50px !important;margin-bottom: 70px !important;}&#8221;][vc_column_text]Ie\u0161kote id\u0117j\u0173 kaip praleisti gimin\u0117s susitikim\u0105, at\u0161v\u0119sti gimtadien\u012f, bernvakar\u012f ar mergvakar\u012f? Drokono val\u010di\u0173 festivalis kaip tik jums. Sutalpink draugus, gimin\u0119, artimuosius ir augintinius \u012f vien\u0105 valt\u012f ir pajausk kokia [&hellip;]<\/p>\n","protected":false},"author":4,"featured_media":0,"parent":1178,"menu_order":0,"comment_status":"closed","ping_status":"closed","template":"","meta":{"pmpro_default_level":"","footnotes":""},"class_list":["post-3537","page","type-page","status-publish","hentry","pmpro-has-access"],"_links":{"self":[{"href":"https:\/\/dragonboat.lt\/index.php?rest_route=\/wp\/v2\/pages\/3537","targetHints":{"allow":["GET"]}}],"collection":[{"href":"https:\/\/dragonboat.lt\/index.php?rest_route=\/wp\/v2\/pages"}],"about":[{"href":"https:\/\/dragonboat.lt\/index.php?rest_route=\/wp\/v2\/types\/page"}],"author":[{"embeddable":true,"href":"https:\/\/dragonboat.lt\/index.php?rest_route=\/wp\/v2\/users\/4"}],"replies":[{"embeddable":true,"href":"https:\/\/dragonboat.lt\/index.php?rest_route=%2Fwp%2Fv2%2Fcomments&post=3537"}],"version-history":[{"count":4,"href":"https:\/\/dragonboat.lt\/index.php?rest_route=\/wp\/v2\/pages\/3537\/revisions"}],"predecessor-version":[{"id":3821,"href":"https:\/\/dragonboat.lt\/index.php?rest_route=\/wp\/v2\/pages\/3537\/revisions\/3821"}],"up":[{"embeddable":true,"href":"https:\/\/dragonboat.lt\/index.php?rest_route=\/wp\/v2\/pages\/1178"}],"wp:attachment":[{"href":"https:\/\/dragonboat.lt\/index.php?rest_route=%2Fwp%2Fv2%2Fmedia&parent=3537"}],"curies":[{"name":"wp","href":"https:\/\/api.w.org\/{rel}","templated":true}]}}