{"id":3530,"date":"2024-05-08T23:19:47","date_gmt":"2024-05-08T20:19:47","guid":{"rendered":"https:\/\/dragonboat.lt\/?page_id=3530"},"modified":"2024-08-04T16:38:01","modified_gmt":"2024-08-04T13:38:01","slug":"miesto-sventes","status":"publish","type":"page","link":"https:\/\/dragonboat.lt\/?page_id=3530","title":{"rendered":"Miesto \u0160vent\u0117s"},"content":{"rendered":"<p>[vc_row enable_surfer_icon=&#8221;no&#8221;][vc_column css=&#8221;.vc_custom_1715165586788{margin-top: -75px !important;margin-bottom: 20px !important;}&#8221;][vc_raw_html]JTVCcmV2X3NsaWRlciUyMGFsaWFzJTNEJTIyTWllc3RvLXZlbnRzJTIyJTVEJTVCJTJGcmV2X3NsaWRlciU1RA==[\/vc_raw_html][\/vc_column][\/vc_row][vc_row][vc_column css=&#8221;.vc_custom_1715165605892{margin-top: 50px !important;margin-bottom: 70px !important;}&#8221;]<div class=\"qodef-section-title-holder  \" >\n\t<div class=\"qodef-st-inner\">\n        \t\t\t\t\t<h2 class=\"qodef-st-title\" >\n\t\t\t\tMiesto \u0160vent\u0117s\t\t\t<\/h2>\n\t\t        \t\t\t\t\t<\/div>\n<\/div>[vc_column_text]Vasaros metu organizuojamos pramogin\u0117s, sportin\u0117s, komandinio irklavimo var\u017eybos organizuojant \u00a0kartu \u00a0su miesto savivaldybe. Renginys vyksta 1-2 dienas. Pirma diena &#8211; moksleivi\u0173 regata, antra diena \u2013 suaugusi\u0173j\u0173 var\u017eybos. Renginyje dalyvauja jau susiformavusios komandos (20 irkluotoj\u0173+b\u016bgnininkas+ vairininkas) arba pavieniams dalyviams renginio vietoje galima burtis \u012f komandas. Renginiai vyksta vis\u0105 dien\u0105, kuri\u0173 metu vaik\u0173 laukia nemokamos pramogos, vai\u0161inama specialiu patiekalu.[\/vc_column_text][vc_empty_space height=&#8221;50px&#8221;]<div class=\"qodef-section-title-holder  \" >\n\t<div class=\"qodef-st-inner\">\n        \t\t\t\t\t<h2 class=\"qodef-st-title\" >\n\t\t\t\tArtimiausi Renginiai\t\t\t<\/h2>\n\t\t        \t\t\t\t\t<\/div>\n<\/div>[\/vc_column][\/vc_row][vc_row][vc_column width=&#8221;1\/2&#8243; css=&#8221;.vc_custom_1715165814563{padding-bottom: 20px !important;}&#8221;]<div class=\"qodef-section-title-holder  \" >\n\t<div class=\"qodef-st-inner\">\n        \t\t\t\t\t<h2 class=\"qodef-st-title\" >\n\t\t\t\tInformacija\t\t\t<\/h2>\n\t\t        \t\t\t\t\t<\/div>\n<\/div>[vc_empty_space height=&#8221;50px&#8221;][vc_column_text]<\/p>\n<h4>Renginio vieta:<\/h4>\n<p>Prie vandens telkini\u0173.<\/p>\n<h4>Dalyvi\u0173 skai\u010dius:<\/h4>\n<p>Nuo 10 iki 500 dalyvi\u0173.<\/p>\n<h4>Dalyvio mokestis asmeniui:<\/h4>\n<p>Nuo 5 iki 50 Eur (priklauso nuo renginio vietos, dalyvi\u0173 skai\u010diaus, pageidaujam\u0173 pramog\u0173).[\/vc_column_text][\/vc_column][vc_column width=&#8221;1\/2&#8243;]<div class=\"qodef-section-title-holder  \" >\n\t<div class=\"qodef-st-inner\">\n        \t\t\t\t\t<h2 class=\"qodef-st-title\" >\n\t\t\t\tSusisiekite\t\t\t<\/h2>\n\t\t        \t\t\t\t\t<\/div>\n<\/div>[vc_raw_html css=&#8221;.vc_custom_1715165373832{margin-top: 50px !important;}&#8221;]JTVCY29udGFjdC1mb3JtLTclMjBpZCUzRCUyMmNhYmU1YTYlMjIlMjB0aXRsZSUzRCUyMlN1c2lzaWVraXRlJTIwRm9ybWElMjIlNUQ=[\/vc_raw_html][\/vc_column][\/vc_row]<\/p>\n","protected":false},"excerpt":{"rendered":"<p>[vc_row enable_surfer_icon=&#8221;no&#8221;][vc_column css=&#8221;.vc_custom_1715165586788{margin-top: -75px !important;margin-bottom: 20px !important;}&#8221;][vc_raw_html]JTVCcmV2X3NsaWRlciUyMGFsaWFzJTNEJTIyTWllc3RvLXZlbnRzJTIyJTVEJTVCJTJGcmV2X3NsaWRlciU1RA==[\/vc_raw_html][\/vc_column][\/vc_row][vc_row][vc_column css=&#8221;.vc_custom_1715165605892{margin-top: 50px !important;margin-bottom: 70px !important;}&#8221;][vc_column_text]Vasaros metu organizuojamos pramogin\u0117s, sportin\u0117s, komandinio irklavimo var\u017eybos organizuojant \u00a0kartu \u00a0su miesto savivaldybe. Renginys vyksta 1-2 dienas. Pirma diena &#8211; moksleivi\u0173 regata, antra diena \u2013 suaugusi\u0173j\u0173 var\u017eybos. Renginyje dalyvauja [&hellip;]<\/p>\n","protected":false},"author":4,"featured_media":0,"parent":1178,"menu_order":0,"comment_status":"closed","ping_status":"closed","template":"","meta":{"pmpro_default_level":"","footnotes":""},"class_list":["post-3530","page","type-page","status-publish","hentry","pmpro-has-access"],"_links":{"self":[{"href":"https:\/\/dragonboat.lt\/index.php?rest_route=\/wp\/v2\/pages\/3530","targetHints":{"allow":["GET"]}}],"collection":[{"href":"https:\/\/dragonboat.lt\/index.php?rest_route=\/wp\/v2\/pages"}],"about":[{"href":"https:\/\/dragonboat.lt\/index.php?rest_route=\/wp\/v2\/types\/page"}],"author":[{"embeddable":true,"href":"https:\/\/dragonboat.lt\/index.php?rest_route=\/wp\/v2\/users\/4"}],"replies":[{"embeddable":true,"href":"https:\/\/dragonboat.lt\/index.php?rest_route=%2Fwp%2Fv2%2Fcomments&post=3530"}],"version-history":[{"count":5,"href":"https:\/\/dragonboat.lt\/index.php?rest_route=\/wp\/v2\/pages\/3530\/revisions"}],"predecessor-version":[{"id":3820,"href":"https:\/\/dragonboat.lt\/index.php?rest_route=\/wp\/v2\/pages\/3530\/revisions\/3820"}],"up":[{"embeddable":true,"href":"https:\/\/dragonboat.lt\/index.php?rest_route=\/wp\/v2\/pages\/1178"}],"wp:attachment":[{"href":"https:\/\/dragonboat.lt\/index.php?rest_route=%2Fwp%2Fv2%2Fmedia&parent=3530"}],"curies":[{"name":"wp","href":"https:\/\/api.w.org\/{rel}","templated":true}]}}