{"id":3524,"date":"2024-05-08T16:31:25","date_gmt":"2024-05-08T13:31:25","guid":{"rendered":"https:\/\/dragonboat.lt\/?page_id=3524"},"modified":"2024-08-04T16:37:56","modified_gmt":"2024-08-04T13:37:56","slug":"irklavimo-klubas","status":"publish","type":"page","link":"https:\/\/dragonboat.lt\/?page_id=3524","title":{"rendered":"Irklavimo Klubas"},"content":{"rendered":"<p>[vc_row enable_surfer_icon=&#8221;no&#8221;][vc_column css=&#8221;.vc_custom_1715165586788{margin-top: -75px !important;margin-bottom: 20px !important;}&#8221;][vc_raw_html]JTVCcmV2X3NsaWRlciUyMGFsaWFzJTNEJTIySXJrbGF2aW1vLUtsdWJhaSUyMiU1RCU1QiUyRnJldl9zbGlkZXIlNUQ=[\/vc_raw_html][\/vc_column][\/vc_row][vc_row][vc_column css=&#8221;.vc_custom_1715165605892{margin-top: 50px !important;margin-bottom: 70px !important;}&#8221;]<div class=\"qodef-section-title-holder  \" >\n\t<div class=\"qodef-st-inner\">\n        \t\t\t\t\t<h2 class=\"qodef-st-title\" >\n\t\t\t\tIrklavimo Klubai\t\t\t<\/h2>\n\t\t        \t\t\t\t\t<\/div>\n<\/div>[vc_column_text]Nori \u012fgauti sportin\u0119 form\u0105 ar ie\u0161kai pramogos gryname ore? Kvie\u010diame i\u0161bandyti komandin\u0119 vandens sporto \u0161ak\u0105-drakono valtis! Irkluojant valtis dirba visi k\u016bno raumenys ir gr\u016bdinamas organizmas. Renkamos vyr\u0173, moter\u0173,vaik\u0173 ir mi\u0161rios grup\u0117s.<\/p>\n<p>Sudomino ir nori i\u0161bandyti?\u00a0 Kvie\u010diame atvykti ir i\u0161bandyti nauj\u0105 pramog\u0105, kuri nepalieka nei vieno abejingo. <strong>Atvyk \u012f treniruot\u0119<\/strong>, kuri trunka\u00a0 valand\u0105, bet patirtos emocijos lyd\u0117s ilg\u0105 laik\u0105. Pasikvieskite draugus ir kolegas po darbo prasiplaukti su i\u0161skirtin\u0117mis komandin\u0117mis valtimis. Tai puiki pramoga moksleiviams.<\/p>\n<p><strong>Atvyk su komanda ar registruokis atskirai ir mes pasir\u016bpinsime tavo komanda.<\/strong><\/p>\n<p>Tai k\u0105 patirsite treniruot\u0117se, motyvuos sudalyvauti ir masinio irklavimo \u0161vent\u0117se (nuoroda \u012f renginius)[\/vc_column_text][\/vc_column][\/vc_row][vc_row equal_height=&#8221;yes&#8221;][vc_column width=&#8221;1\/4&#8243; css=&#8221;.vc_custom_1715165814563{padding-bottom: 20px !important;}&#8221;][vc_single_image image=&#8221;3037&#8243; img_size=&#8221;100&#215;120&#8243; css=&#8221;.vc_custom_1715680308401{padding-bottom: 10px !important;padding-left: px !important;}&#8221;][vc_empty_space height=&#8221;10px&#8221;]<div class=\"qodef-section-title-holder  \" >\n\t<div class=\"qodef-st-inner\">\n        \t\t\t\t\t<h2 class=\"qodef-st-title\" >\n\t\t\t\tKaunas\t\t\t<\/h2>\n\t\t        \t\t\t\t\t<\/div>\n<\/div>[vc_empty_space height=&#8221;10px&#8221;][vc_column_text]<\/p>\n<h4>Renginio vieta:<\/h4>\n<p><strong>Komandinio irklavimo klubas \u201eSlibinas\u201c <\/strong>, Lamp\u0117d\u017ei\u0173 irklavimo sporto baz\u0117 \u201eBankp\u016btys\u201c, Gervi\u0173 5, Kaunas[\/vc_column_text][\/vc_column][vc_column width=&#8221;1\/4&#8243;][vc_single_image image=&#8221;3862&#8243; img_size=&#8221;100&#215;120&#8243; css=&#8221;.vc_custom_1715680301135{padding-bottom: 10px !important;padding-left: px !important;}&#8221;][vc_empty_space height=&#8221;10px&#8221;]<div class=\"qodef-section-title-holder  \" >\n\t<div class=\"qodef-st-inner\">\n        \t\t\t\t\t<h2 class=\"qodef-st-title\" >\n\t\t\t\tTrakai\t\t\t<\/h2>\n\t\t        \t\t\t\t\t<\/div>\n<\/div>[vc_empty_space height=&#8221;10px&#8221;][vc_column_text]<\/p>\n<h4>Renginio vieta:<\/h4>\n<p><strong>Poilsio ir pramog\u0173 kompleksas \u201eSl\u0117nis Trakuose\u201c<\/strong> prie Galv\u0117s e\u017eero, Sl\u0117nio 1, Trakai.[\/vc_column_text][\/vc_column][vc_column width=&#8221;1\/4&#8243;][vc_single_image image=&#8221;3861&#8243; img_size=&#8221;100&#215;120&#8243; css=&#8221;.vc_custom_1715680315112{padding-bottom: 10px !important;padding-left: px !important;}&#8221;][vc_empty_space height=&#8221;10px&#8221;]<div class=\"qodef-section-title-holder  \" >\n\t<div class=\"qodef-st-inner\">\n        \t\t\t\t\t<h2 class=\"qodef-st-title\" >\n\t\t\t\t\u0160iauliai\t\t\t<\/h2>\n\t\t        \t\t\t\t\t<\/div>\n<\/div>[vc_empty_space height=&#8221;10px&#8221;][vc_column_text]<\/p>\n<h4>Renginio vieta:<\/h4>\n<p><strong>\u0160iauli\u0173 irklavimo klubas<\/strong>, \u017dvyro 34, \u0160iauliai[\/vc_column_text][\/vc_column][vc_column width=&#8221;1\/4&#8243;][vc_single_image image=&#8221;3038&#8243; img_size=&#8221;100&#215;120&#8243; css=&#8221;.vc_custom_1715680320865{padding-bottom: 10px !important;padding-left: px !important;}&#8221;][vc_empty_space height=&#8221;10px&#8221;]<div class=\"qodef-section-title-holder  \" >\n\t<div class=\"qodef-st-inner\">\n        \t\t\t\t\t<h2 class=\"qodef-st-title\" >\n\t\t\t\tPanev\u0117\u017eys\t\t\t<\/h2>\n\t\t        \t\t\t\t\t<\/div>\n<\/div>[vc_empty_space height=&#8221;10px&#8221;][vc_column_text]<\/p>\n<h4>Renginio vieta:<\/h4>\n<p><strong>Irklavimo klubas\u201cPaneve\u017eio drakonai\u201c, <\/strong>Pajuost\u0117s pl. 27B, Panev\u0117\u017eys[\/vc_column_text][\/vc_column][\/vc_row][vc_row content_placement=&#8221;middle&#8221;][vc_column][vc_empty_space height=&#8221;50px&#8221;][vc_column_text]<\/p>\n<h3>Kontaktai<\/h3>\n<p><strong>Telefonas: <a href=\"tel:+37065240596\">+37065240596<\/a><\/strong><\/p>\n<p><strong>El.Pa\u0161tas: <a href=\"mailto:komanda@dragonboat.lt\">komanda@dragonboat.lt<\/a><\/strong><\/p>\n<p><strong>Dalyvio mokestis: Nuo 5\u00a0 iki 100 eur\u0173<\/strong>[\/vc_column_text][vc_empty_space height=&#8221;50px&#8221;]<div class=\"qodef-section-title-holder  \" >\n\t<div class=\"qodef-st-inner\">\n        \t\t\t\t\t<h2 class=\"qodef-st-title\" >\n\t\t\t\tRegistracija\t\t\t<\/h2>\n\t\t        \t\t\t\t\t<\/div>\n<\/div>[vc_raw_html css=&#8221;.vc_custom_1715682998871{padding-top: 50px !important;}&#8221;]JTVCY29udGFjdC1mb3JtLTclMjBpZCUzRCUyMmY2NzFlY2QlMjIlMjB0aXRsZSUzRCUyMktsdWJhaSUyMiU1RA==[\/vc_raw_html][\/vc_column][\/vc_row]<\/p>\n","protected":false},"excerpt":{"rendered":"<p>[vc_row enable_surfer_icon=&#8221;no&#8221;][vc_column css=&#8221;.vc_custom_1715165586788{margin-top: -75px !important;margin-bottom: 20px !important;}&#8221;][vc_raw_html]JTVCcmV2X3NsaWRlciUyMGFsaWFzJTNEJTIySXJrbGF2aW1vLUtsdWJhaSUyMiU1RCU1QiUyRnJldl9zbGlkZXIlNUQ=[\/vc_raw_html][\/vc_column][\/vc_row][vc_row][vc_column css=&#8221;.vc_custom_1715165605892{margin-top: 50px !important;margin-bottom: 70px !important;}&#8221;][vc_column_text]Nori \u012fgauti sportin\u0119 form\u0105 ar ie\u0161kai pramogos gryname ore? Kvie\u010diame i\u0161bandyti komandin\u0119 vandens sporto \u0161ak\u0105-drakono valtis! Irkluojant valtis dirba visi k\u016bno raumenys ir gr\u016bdinamas organizmas. Renkamos vyr\u0173, moter\u0173,vaik\u0173 ir [&hellip;]<\/p>\n","protected":false},"author":4,"featured_media":0,"parent":1178,"menu_order":0,"comment_status":"closed","ping_status":"closed","template":"","meta":{"pmpro_default_level":"","footnotes":""},"class_list":["post-3524","page","type-page","status-publish","hentry","pmpro-has-access"],"_links":{"self":[{"href":"https:\/\/dragonboat.lt\/index.php?rest_route=\/wp\/v2\/pages\/3524","targetHints":{"allow":["GET"]}}],"collection":[{"href":"https:\/\/dragonboat.lt\/index.php?rest_route=\/wp\/v2\/pages"}],"about":[{"href":"https:\/\/dragonboat.lt\/index.php?rest_route=\/wp\/v2\/types\/page"}],"author":[{"embeddable":true,"href":"https:\/\/dragonboat.lt\/index.php?rest_route=\/wp\/v2\/users\/4"}],"replies":[{"embeddable":true,"href":"https:\/\/dragonboat.lt\/index.php?rest_route=%2Fwp%2Fv2%2Fcomments&post=3524"}],"version-history":[{"count":17,"href":"https:\/\/dragonboat.lt\/index.php?rest_route=\/wp\/v2\/pages\/3524\/revisions"}],"predecessor-version":[{"id":4170,"href":"https:\/\/dragonboat.lt\/index.php?rest_route=\/wp\/v2\/pages\/3524\/revisions\/4170"}],"up":[{"embeddable":true,"href":"https:\/\/dragonboat.lt\/index.php?rest_route=\/wp\/v2\/pages\/1178"}],"wp:attachment":[{"href":"https:\/\/dragonboat.lt\/index.php?rest_route=%2Fwp%2Fv2%2Fmedia&parent=3524"}],"curies":[{"name":"wp","href":"https:\/\/api.w.org\/{rel}","templated":true}]}}