{"id":3521,"date":"2024-05-08T16:30:53","date_gmt":"2024-05-08T13:30:53","guid":{"rendered":"https:\/\/dragonboat.lt\/?page_id=3521"},"modified":"2024-08-04T16:38:04","modified_gmt":"2024-08-04T13:38:04","slug":"moksleiviu-regatas","status":"publish","type":"page","link":"https:\/\/dragonboat.lt\/?page_id=3521","title":{"rendered":"Moksleivi\u0173 Regatas"},"content":{"rendered":"<p>[vc_row enable_surfer_icon=&#8221;no&#8221;][vc_column css=&#8221;.vc_custom_1715165586788{margin-top: -75px !important;margin-bottom: 20px !important;}&#8221;][vc_raw_html]JTVCcmV2X3NsaWRlciUyMGFsaWFzJTNEJTIybW9rc2xlaXZpdS1yZWdhdGFzJTIyJTVEJTVCJTJGcmV2X3NsaWRlciU1RA==[\/vc_raw_html][\/vc_column][\/vc_row][vc_row][vc_column css=&#8221;.vc_custom_1715165605892{margin-top: 50px !important;margin-bottom: 70px !important;}&#8221;]<div class=\"qodef-section-title-holder  \" >\n\t<div class=\"qodef-st-inner\">\n        \t\t\t\t\t<h2 class=\"qodef-st-title\" >\n\t\t\t\tMoksleivi\u0173 Regatas\t\t\t<\/h2>\n\t\t        \t\t\t\t\t<\/div>\n<\/div>[vc_column_text]Kvie\u010diame pajud\u0117ti, linksmai pramank\u0161tinti raumenukus, irkluojant Drakono valtis. PASITIKITE VASAR\u0104 \u012eGAUNANT DRAKONO J\u0116G\u0104<\/p>\n<p>\u0160is renginys ypa\u010d \u012fdomus moksleiviams, kurie m\u0117gsta pramogas prie vandens, irkluojant unikalias valtis.\u00a0 Tai ne tik linksma pramoga, bet ir savivert\u0117s\u00a0 ugdymas &#8211; visai komandai\u00a0 irkluojant vien\u0105 valt\u012f, kiekvienas gali irkluoti ir pasijausti nugal\u0117toju &#8211; pralaim\u0117toj\u0173 n\u0117ra. Tai puiki galimyb\u0117 patirti lenktyni\u0173 ir azarto jausm\u0105. Moksleivi\u0173 saugum\u0105 garantuojame.<\/p>\n<p>Renginys edukacinis \u2013 vyksta saugaus elgesio prie vandens mokymai, pokalbiai apie sveik\u0105 ir tvar\u0173 gyvenimo b\u016bd\u0105, pirmos pagalbos teikimo pratybos.[\/vc_column_text][vc_empty_space]<div class=\"qodef-section-title-holder  \" style=\"text-align: left\">\n\t<div class=\"qodef-st-inner\">\n        \t\t\t\t\t<h3 class=\"qodef-st-title\" >\n\t\t\t\tVideo filmukas moksleivi\u0173 regata \u0116ri\u0161kiuose\t\t\t<\/h3>\n\t\t        \t\t\t\t\t\t\t<div class=\"qodef-st-button\"><a itemprop=\"url\" href=\"https:\/\/www.facebook.com\/share\/v\/9YCzwMqNkBKGWj8Q\/?mibextid=KsPBc6\" target=\"_blank\" style=\"color: #0a0a0a;margin: 0px 0 0\" class=\"qodef-btn qodef-btn-medium qodef-btn-outline qodef-btn-wave-hover\"  >        <span class=\"qodef-btn-text\">\u017di\u016br\u0117ti<\/span>            <span class=\"qodef-btn-wave-holder\" style=\"background-image: url(&quot;data:image\/svg+xml,%3Csvg xmlns=&#039;http:\/\/www.w3.org\/2000\/svg&#039; x=&#039;0px&#039; y=&#039;0px&#039; width=&#039;172px&#039; height=&#039;126px&#039; viewBox=&#039;0 0 172 125.7&#039; enable-background=&#039;0 0 172 125.7&#039; xml:space=&#039;preserve&#039; %3E%3Cpath fill=&#039;%23000000&#039; d=&#039;M173,22.7c-33.9,0-44.7-14.1-88.4-14.1c-43.6,0-54.5,14.1-86,14.1V126l174.4-0.3C173,125.7,173,28.7,173,22.7z&#039;\/%3E%3C\/svg%3E&quot;)\" ><\/span>        <\/a><\/div>\n\t\t\t<\/div>\n<\/div>[\/vc_column][\/vc_row][vc_row][vc_column width=&#8221;1\/2&#8243; css=&#8221;.vc_custom_1715165814563{padding-bottom: 20px !important;}&#8221;]<div class=\"qodef-section-title-holder  \" >\n\t<div class=\"qodef-st-inner\">\n        \t\t\t\t\t<h2 class=\"qodef-st-title\" >\n\t\t\t\tInformacija\t\t\t<\/h2>\n\t\t        \t\t\t\t\t<\/div>\n<\/div>[vc_empty_space height=&#8221;50px&#8221;][vc_column_text]<\/p>\n<h4>Renginio vieta:<\/h4>\n<p>Prie vandens telkini\u0173.<\/p>\n<h4>Dalyvi\u0173 skai\u010dius:<\/h4>\n<p>Nuo 10 iki 500 dalyvi\u0173.<\/p>\n<h4>Dalyvio mokestis asmeniui:<\/h4>\n<p>Nuo 5 iki 50 Eur (priklauso nuo savivaldybes rem\u0117j\u0173 prisid\u0117jimo, renginio formato)[\/vc_column_text][\/vc_column][vc_column width=&#8221;1\/2&#8243;]<div class=\"qodef-section-title-holder  \" >\n\t<div class=\"qodef-st-inner\">\n        \t\t\t\t\t<h2 class=\"qodef-st-title\" >\n\t\t\t\tSusisiekite\t\t\t<\/h2>\n\t\t        \t\t\t\t\t<\/div>\n<\/div>[vc_raw_html css=&#8221;.vc_custom_1715165373832{margin-top: 50px !important;}&#8221;]JTVCY29udGFjdC1mb3JtLTclMjBpZCUzRCUyMmNhYmU1YTYlMjIlMjB0aXRsZSUzRCUyMlN1c2lzaWVraXRlJTIwRm9ybWElMjIlNUQ=[\/vc_raw_html][\/vc_column][\/vc_row]<\/p>\n","protected":false},"excerpt":{"rendered":"<p>[vc_row enable_surfer_icon=&#8221;no&#8221;][vc_column css=&#8221;.vc_custom_1715165586788{margin-top: -75px !important;margin-bottom: 20px !important;}&#8221;][vc_raw_html]JTVCcmV2X3NsaWRlciUyMGFsaWFzJTNEJTIybW9rc2xlaXZpdS1yZWdhdGFzJTIyJTVEJTVCJTJGcmV2X3NsaWRlciU1RA==[\/vc_raw_html][\/vc_column][\/vc_row][vc_row][vc_column css=&#8221;.vc_custom_1715165605892{margin-top: 50px !important;margin-bottom: 70px !important;}&#8221;][vc_column_text]Kvie\u010diame pajud\u0117ti, linksmai pramank\u0161tinti raumenukus, irkluojant Drakono valtis. PASITIKITE VASAR\u0104 \u012eGAUNANT DRAKONO J\u0116G\u0104 \u0160is renginys ypa\u010d \u012fdomus moksleiviams, kurie m\u0117gsta pramogas prie vandens, irkluojant unikalias valtis.\u00a0 Tai ne tik [&hellip;]<\/p>\n","protected":false},"author":4,"featured_media":0,"parent":1178,"menu_order":0,"comment_status":"closed","ping_status":"closed","template":"","meta":{"pmpro_default_level":"","footnotes":""},"class_list":["post-3521","page","type-page","status-publish","hentry","pmpro-has-access"],"_links":{"self":[{"href":"https:\/\/dragonboat.lt\/index.php?rest_route=\/wp\/v2\/pages\/3521","targetHints":{"allow":["GET"]}}],"collection":[{"href":"https:\/\/dragonboat.lt\/index.php?rest_route=\/wp\/v2\/pages"}],"about":[{"href":"https:\/\/dragonboat.lt\/index.php?rest_route=\/wp\/v2\/types\/page"}],"author":[{"embeddable":true,"href":"https:\/\/dragonboat.lt\/index.php?rest_route=\/wp\/v2\/users\/4"}],"replies":[{"embeddable":true,"href":"https:\/\/dragonboat.lt\/index.php?rest_route=%2Fwp%2Fv2%2Fcomments&post=3521"}],"version-history":[{"count":4,"href":"https:\/\/dragonboat.lt\/index.php?rest_route=\/wp\/v2\/pages\/3521\/revisions"}],"predecessor-version":[{"id":3819,"href":"https:\/\/dragonboat.lt\/index.php?rest_route=\/wp\/v2\/pages\/3521\/revisions\/3819"}],"up":[{"embeddable":true,"href":"https:\/\/dragonboat.lt\/index.php?rest_route=\/wp\/v2\/pages\/1178"}],"wp:attachment":[{"href":"https:\/\/dragonboat.lt\/index.php?rest_route=%2Fwp%2Fv2%2Fmedia&parent=3521"}],"curies":[{"name":"wp","href":"https:\/\/api.w.org\/{rel}","templated":true}]}}