{"id":3508,"date":"2024-05-08T13:40:01","date_gmt":"2024-05-08T10:40:01","guid":{"rendered":"https:\/\/dragonboat.lt\/?page_id=3508"},"modified":"2024-08-04T16:38:11","modified_gmt":"2024-08-04T13:38:11","slug":"renginiai-imonems-2","status":"publish","type":"page","link":"https:\/\/dragonboat.lt\/?page_id=3508","title":{"rendered":"Renginiai \u012emon\u0117ms"},"content":{"rendered":"<p>[vc_row enable_surfer_icon=&#8221;no&#8221;][vc_column css=&#8221;.vc_custom_1715165586788{margin-top: -75px !important;margin-bottom: 20px !important;}&#8221;][vc_raw_html]JTVCcmV2X3NsaWRlciUyMGFsaWFzJTNEJTIyUmVuZ2luaWFpLUltb25lbXMlMjIlNUQlNUIlMkZyZXZfc2xpZGVyJTVE[\/vc_raw_html][\/vc_column][\/vc_row][vc_row][vc_column css=&#8221;.vc_custom_1715165605892{margin-top: 50px !important;margin-bottom: 70px !important;}&#8221;]<div class=\"qodef-section-title-holder  \" >\n\t<div class=\"qodef-st-inner\">\n        \t\t\t\t\t<h2 class=\"qodef-st-title\" >\n\t\t\t\tRenginiai \u012emon\u0117ms\t\t\t<\/h2>\n\t\t        \t\t\t\t\t<\/div>\n<\/div>[vc_column_text]Drakono valtys- tai geriausias vasaros sporto \u0161vent\u0117s sprendimas kolektyvams, kurie nori suburti viening\u0105 komand\u0105 ir ger\u0173 pramog\u0173. Tai komandi\u0161kiausias sportas, nereikalaujantis specialaus pasiruo\u0161imo ir i\u0161tobulint\u0173 \u012fg\u016bd\u017ei\u0173, skatinantis bendradarbiavimo jausm\u0105 siekiant bendro tikslo. Saul\u0117-oras-vanduo pad\u0117s atgauti sveikat\u0105, o patirtas stiprias emocijas prisiminsite ilgam.<\/p>\n<p>Sukurkite puiki\u0105 \u0161vent\u0119 savo organizacijos darbuotojams ir darbuotoj\u0173 vaikams.[\/vc_column_text][\/vc_column][\/vc_row][vc_row][vc_column width=&#8221;1\/2&#8243; css=&#8221;.vc_custom_1715165814563{padding-bottom: 20px !important;}&#8221;]<div class=\"qodef-section-title-holder  \" >\n\t<div class=\"qodef-st-inner\">\n        \t\t\t\t\t<h2 class=\"qodef-st-title\" >\n\t\t\t\tInformacija\t\t\t<\/h2>\n\t\t        \t\t\t\t\t<\/div>\n<\/div>[vc_empty_space height=&#8221;50px&#8221;][vc_column_text]<\/p>\n<h4>Renginio vieta:<\/h4>\n<p>Prie vandens telkini\u0173.<\/p>\n<h4>Dalyvi\u0173 skai\u010dius:<\/h4>\n<p>Nuo 10 iki 500 dalyvi\u0173.<\/p>\n<h4>Dalyvio mokestis asmeniui:<\/h4>\n<p>Nuo 5 iki 50 Eur (priklauso nuo renginio vietos, dalyvi\u0173 skai\u010diaus, pageidaujam\u0173 pramog\u0173).[\/vc_column_text][\/vc_column][vc_column width=&#8221;1\/2&#8243;]<div class=\"qodef-section-title-holder  \" >\n\t<div class=\"qodef-st-inner\">\n        \t\t\t\t\t<h2 class=\"qodef-st-title\" >\n\t\t\t\tSusisiekite\t\t\t<\/h2>\n\t\t        \t\t\t\t\t<\/div>\n<\/div>[vc_raw_html css=&#8221;.vc_custom_1715165373832{margin-top: 50px !important;}&#8221;]JTVCY29udGFjdC1mb3JtLTclMjBpZCUzRCUyMmNhYmU1YTYlMjIlMjB0aXRsZSUzRCUyMlN1c2lzaWVraXRlJTIwRm9ybWElMjIlNUQ=[\/vc_raw_html][\/vc_column][\/vc_row]<\/p>\n","protected":false},"excerpt":{"rendered":"<p>[vc_row enable_surfer_icon=&#8221;no&#8221;][vc_column css=&#8221;.vc_custom_1715165586788{margin-top: -75px !important;margin-bottom: 20px !important;}&#8221;][vc_raw_html]JTVCcmV2X3NsaWRlciUyMGFsaWFzJTNEJTIyUmVuZ2luaWFpLUltb25lbXMlMjIlNUQlNUIlMkZyZXZfc2xpZGVyJTVE[\/vc_raw_html][\/vc_column][\/vc_row][vc_row][vc_column css=&#8221;.vc_custom_1715165605892{margin-top: 50px !important;margin-bottom: 70px !important;}&#8221;][vc_column_text]Drakono valtys- tai geriausias vasaros sporto \u0161vent\u0117s sprendimas kolektyvams, kurie nori suburti viening\u0105 komand\u0105 ir ger\u0173 pramog\u0173. Tai komandi\u0161kiausias sportas, nereikalaujantis specialaus pasiruo\u0161imo ir i\u0161tobulint\u0173 \u012fg\u016bd\u017ei\u0173, skatinantis bendradarbiavimo jausm\u0105 [&hellip;]<\/p>\n","protected":false},"author":4,"featured_media":0,"parent":1178,"menu_order":0,"comment_status":"closed","ping_status":"closed","template":"","meta":{"pmpro_default_level":"","footnotes":""},"class_list":["post-3508","page","type-page","status-publish","hentry","pmpro-has-access"],"_links":{"self":[{"href":"https:\/\/dragonboat.lt\/index.php?rest_route=\/wp\/v2\/pages\/3508","targetHints":{"allow":["GET"]}}],"collection":[{"href":"https:\/\/dragonboat.lt\/index.php?rest_route=\/wp\/v2\/pages"}],"about":[{"href":"https:\/\/dragonboat.lt\/index.php?rest_route=\/wp\/v2\/types\/page"}],"author":[{"embeddable":true,"href":"https:\/\/dragonboat.lt\/index.php?rest_route=\/wp\/v2\/users\/4"}],"replies":[{"embeddable":true,"href":"https:\/\/dragonboat.lt\/index.php?rest_route=%2Fwp%2Fv2%2Fcomments&post=3508"}],"version-history":[{"count":10,"href":"https:\/\/dragonboat.lt\/index.php?rest_route=\/wp\/v2\/pages\/3508\/revisions"}],"predecessor-version":[{"id":3818,"href":"https:\/\/dragonboat.lt\/index.php?rest_route=\/wp\/v2\/pages\/3508\/revisions\/3818"}],"up":[{"embeddable":true,"href":"https:\/\/dragonboat.lt\/index.php?rest_route=\/wp\/v2\/pages\/1178"}],"wp:attachment":[{"href":"https:\/\/dragonboat.lt\/index.php?rest_route=%2Fwp%2Fv2%2Fmedia&parent=3508"}],"curies":[{"name":"wp","href":"https:\/\/api.w.org\/{rel}","templated":true}]}}