{"id":1130,"date":"2020-01-31T14:52:30","date_gmt":"2020-01-31T14:52:30","guid":{"rendered":"https:\/\/waveride.qodeinteractive.com\/?page_id=1130"},"modified":"2024-08-04T16:39:05","modified_gmt":"2024-08-04T13:39:05","slug":"event-list","status":"publish","type":"page","link":"https:\/\/dragonboat.lt\/?page_id=1130","title":{"rendered":"Renginiai"},"content":{"rendered":"<p>[vc_row enable_surfer_icon=&#8221;no&#8221;][vc_column][vc_raw_html]JTVCcmV2X3NsaWRlciUyMGFsaWFzJTNEJTIyQ29udGFjdC1QYWdlJTIyJTVEJTVCJTJGcmV2X3NsaWRlciU1RA==[\/vc_raw_html][\/vc_column][\/vc_row][vc_row row_content_width=&#8221;grid&#8221; css=&#8221;.vc_custom_1715860906455{margin-right: 0px !important;margin-left: 0px !important;}&#8221;][vc_column][vc_empty_space height=&#8221;100px&#8221;]<div class=\"qodef-section-title-holder  \" style=\"text-align: left\">\n\t<div class=\"qodef-st-inner\">\n        \t\t\t\t\t<h2 class=\"qodef-st-title\" >\n\t\t\t\tArt\u0117jantys Renginiai\t\t\t<\/h2>\n\t\t        \t\t\t\t\t<\/div>\n<\/div>[vc_empty_space height=&#8221;50px&#8221;]<div class=\"qodef-pl-holder qodef-grid-list qodef-disable-bottom-space qodef-standard-layout qodef-four-columns qodef-medium-space qodef-info-below-image \">\n\t<div class=\"qodef-pl-outer qodef-outer-space\">\n\t\t<div class=\"qodef-pli qodef-item-space \">\n\t<div class=\"qodef-pli-inner\">\n\t\t<div class=\"qodef-pli-image\">\n\t\t\t\n<img loading=\"lazy\" decoding=\"async\" width=\"199\" height=\"244\" src=\"https:\/\/dragonboat.lt\/wp-content\/uploads\/2024\/05\/image-2.png\" class=\"attachment-waveride_select_image_square size-waveride_select_image_square wp-post-image\" alt=\"\" \/>\t\t<\/div>\n\t\t<div class=\"qodef-pli-text\" >\n\t\t\t<div class=\"qodef-pli-text-outer\">\n\t\t\t\t<div class=\"qodef-pli-text-inner\">\n\t\t\t\t\t\t\n\t<div class=\"qodef-pli-add-to-cart qodef-dark-skin\">\n\t\t<a rel=\"nofollow\" href=\"https:\/\/dragonboat.lt\/?product=siesikai-vel-kviecia-uzsikurti-vasarai\" data-quantity=\"1\" data-product_id=\"3796\" data-product_sku=\"\" class=\"button add_to_cart_button ajax_add_to_cart qodef-button\">Daugiau<\/a>\t<\/div>\n\t\t\t\t<\/div>\n\t\t\t<\/div>\n\t\t<\/div>\n\t\t<a class=\"qodef-pli-link\" itemprop=\"url\" href=\"https:\/\/dragonboat.lt\/?product=siesikai-vel-kviecia-uzsikurti-vasarai\" title=\"SIESIKAI V\u0116L KVIE\u010cIA U\u017dSIKURTI VASARAI\"><\/a>\n\t<\/div>\n\t<div class=\"qodef-pli-text-wrapper\" style=\"text-align: center\">\n\t\t    <h5 itemprop=\"name\" class=\"entry-title qodef-pli-title\" >\n\t\t<a itemprop=\"url\" href=\"https:\/\/dragonboat.lt\/?product=siesikai-vel-kviecia-uzsikurti-vasarai\">SIESIKAI V\u0116L KVIE\u010cIA U\u017dSIKURTI VASARAI<\/a>\n\t<\/h5>\n\t\t\n\t\t\t\t\n\t\t\t\n\t<p itemprop=\"description\" class=\"qodef-pli-excerpt\">Bir\u017eelio 14-15d. Drakono val\u010di\u0173 \u0161vent\u0117 prie Siesik\u0173\r\npilies<\/p>\n\t\t\n\t\t\t\t\n\t\t\t<\/div>\n<\/div><div class=\"qodef-pli qodef-item-space \">\n\t<div class=\"qodef-pli-inner\">\n\t\t<div class=\"qodef-pli-image\">\n\t\t\t\n<img loading=\"lazy\" decoding=\"async\" width=\"180\" height=\"216\" src=\"https:\/\/dragonboat.lt\/wp-content\/uploads\/2024\/05\/image-1.png\" class=\"attachment-waveride_select_image_square size-waveride_select_image_square wp-post-image\" alt=\"\" \/>\t\t<\/div>\n\t\t<div class=\"qodef-pli-text\" >\n\t\t\t<div class=\"qodef-pli-text-outer\">\n\t\t\t\t<div class=\"qodef-pli-text-inner\">\n\t\t\t\t\t\t\n\t<div class=\"qodef-pli-add-to-cart qodef-dark-skin\">\n\t\t<a rel=\"nofollow\" href=\"https:\/\/dragonboat.lt\/?product=rusnes-muzikos-festivalis\" data-quantity=\"1\" data-product_id=\"3797\" data-product_sku=\"\" class=\"button add_to_cart_button ajax_add_to_cart qodef-button\">Daugiau<\/a>\t<\/div>\n\t\t\t\t<\/div>\n\t\t\t<\/div>\n\t\t<\/div>\n\t\t<a class=\"qodef-pli-link\" itemprop=\"url\" href=\"https:\/\/dragonboat.lt\/?product=rusnes-muzikos-festivalis\" title=\"Rusn\u0117s Muzikos Festivalis\"><\/a>\n\t<\/div>\n\t<div class=\"qodef-pli-text-wrapper\" style=\"text-align: center\">\n\t\t    <h5 itemprop=\"name\" class=\"entry-title qodef-pli-title\" >\n\t\t<a itemprop=\"url\" href=\"https:\/\/dragonboat.lt\/?product=rusnes-muzikos-festivalis\">Rusn\u0117s Muzikos Festivalis<\/a>\n\t<\/h5>\n\t\t\n\t\t\t\t\n\t\t\t\n\t<p itemprop=\"description\" class=\"qodef-pli-excerpt\">Rugpj\u016b\u010dio 2-3d. vyks Rusn\u0117s muzikos festivalis.<\/p>\n\t\t\n\t\t\t\t\n\t\t\t<\/div>\n<\/div><div class=\"qodef-pli qodef-item-space \">\n\t<div class=\"qodef-pli-inner\">\n\t\t<div class=\"qodef-pli-image\">\n\t\t\t\n<img loading=\"lazy\" decoding=\"async\" width=\"650\" height=\"650\" src=\"https:\/\/dragonboat.lt\/wp-content\/uploads\/2023\/03\/Panevezys-650x650.png\" class=\"attachment-waveride_select_image_square size-waveride_select_image_square wp-post-image\" alt=\"\" srcset=\"https:\/\/dragonboat.lt\/wp-content\/uploads\/2023\/03\/Panevezys-650x650.png 650w, https:\/\/dragonboat.lt\/wp-content\/uploads\/2023\/03\/Panevezys-300x300.png 300w, https:\/\/dragonboat.lt\/wp-content\/uploads\/2023\/03\/Panevezys-100x100.png 100w, https:\/\/dragonboat.lt\/wp-content\/uploads\/2023\/03\/Panevezys-150x150.png 150w\" sizes=\"auto, (max-width: 650px) 100vw, 650px\" \/>\t\t<\/div>\n\t\t<div class=\"qodef-pli-text\" >\n\t\t\t<div class=\"qodef-pli-text-outer\">\n\t\t\t\t<div class=\"qodef-pli-text-inner\">\n\t\t\t\t\t\t\n\t<div class=\"qodef-pli-add-to-cart qodef-dark-skin\">\n\t\t<a rel=\"nofollow\" href=\"https:\/\/dragonboat.lt\/?product=drakonu-valciu-festivalis-panevezys-2024-rugsejo-21d\" data-quantity=\"1\" data-product_id=\"4120\" data-product_sku=\"\" class=\"button add_to_cart_button ajax_add_to_cart qodef-button\">Daugiau<\/a>\t<\/div>\n\t\t\t\t<\/div>\n\t\t\t<\/div>\n\t\t<\/div>\n\t\t<a class=\"qodef-pli-link\" itemprop=\"url\" href=\"https:\/\/dragonboat.lt\/?product=drakonu-valciu-festivalis-panevezys-2024-rugsejo-21d\" title=\"Drakon\u0173 val\u010di\u0173 festivalis Panev\u0117\u017eys 2024 rugs\u0117jo 21d.\"><\/a>\n\t<\/div>\n\t<div class=\"qodef-pli-text-wrapper\" style=\"text-align: center\">\n\t\t    <h5 itemprop=\"name\" class=\"entry-title qodef-pli-title\" >\n\t\t<a itemprop=\"url\" href=\"https:\/\/dragonboat.lt\/?product=drakonu-valciu-festivalis-panevezys-2024-rugsejo-21d\">Drakon\u0173 val\u010di\u0173 festivalis Panev\u0117\u017eys 2024 rugs\u0117jo 21d.<\/a>\n\t<\/h5>\n\t\t\n\t\t\t\t\n\t\t\t\n\t<p itemprop=\"description\" class=\"qodef-pli-excerpt\">Drakon\u0173 val\u010di\u0173 festivalis Panev\u0117\u017eys 2024 rugs\u0117jo 21d.<\/p>\n\t\t\n\t\t\t\t\n\t\t\t<\/div>\n<\/div>\t<\/div>\n<\/div><div class=\"qodef-section-title-holder  \" >\n\t<div class=\"qodef-st-inner\">\n        \t\t\t\t\t<h2 class=\"qodef-st-title\" >\n\t\t\t\t\u012evyk\u0119 Renginiai\t\t\t<\/h2>\n\t\t        \t\t\t\t\t<\/div>\n<\/div>[vc_empty_space height=&#8221;50px&#8221;][vc_row_inner][vc_column_inner width=&#8221;1\/2&#8243; css=&#8221;.vc_custom_1717332388700{margin-top: 20px !important;}&#8221;][vc_raw_html]JTNDaWZyYW1lJTIwd2lkdGglM0QlMjIyODAlMjIlMjBoZWlnaHQlM0QlMjIxNjUlMjIlMjBzcmMlM0QlMjJodHRwcyUzQSUyRiUyRnd3dy55b3V0dWJlLmNvbSUyRmVtYmVkJTJGVExrVlhqeEZwNGclM0ZzaSUzREJTN19EaGhCMHlFWEV2dUslMjIlMjB0aXRsZSUzRCUyMllvdVR1YmUlMjB2aWRlbyUyMHBsYXllciUyMiUyMGZyYW1lYm9yZGVyJTNEJTIyMCUyMiUyMGFsbG93JTNEJTIyYWNjZWxlcm9tZXRlciUzQiUyMGF1dG9wbGF5JTNCJTIwY2xpcGJvYXJkLXdyaXRlJTNCJTIwZW5jcnlwdGVkLW1lZGlhJTNCJTIwZ3lyb3Njb3BlJTNCJTIwcGljdHVyZS1pbi1waWN0dXJlJTNCJTIwd2ViLXNoYXJlJTIyJTIwcmVmZXJyZXJwb2xpY3klM0QlMjJzdHJpY3Qtb3JpZ2luLXdoZW4tY3Jvc3Mtb3JpZ2luJTIyJTIwYWxsb3dmdWxsc2NyZWVuJTNFJTNDJTJGaWZyYW1lJTNFJTBB[\/vc_raw_html][\/vc_column_inner][vc_column_inner width=&#8221;1\/2&#8243; css=&#8221;.vc_custom_1717332379553{margin-top: 20px !important;}&#8221;][vc_raw_html]JTNDaWZyYW1lJTIwd2lkdGglM0QlMjIyODAlMjIlMjBoZWlnaHQlM0QlMjIxNjUlMjIlMjBzcmMlM0QlMjJodHRwcyUzQSUyRiUyRnd3dy55b3V0dWJlLmNvbSUyRmVtYmVkJTJGWllvOWJ4ckdtOFElM0ZzaSUzRHIxOFRocE83ejNpTFpHMHUlMjIlMjB0aXRsZSUzRCUyMllvdVR1YmUlMjB2aWRlbyUyMHBsYXllciUyMiUyMGZyYW1lYm9yZGVyJTNEJTIyMCUyMiUyMGFsbG93JTNEJTIyYWNjZWxlcm9tZXRlciUzQiUyMGF1dG9wbGF5JTNCJTIwY2xpcGJvYXJkLXdyaXRlJTNCJTIwZW5jcnlwdGVkLW1lZGlhJTNCJTIwZ3lyb3Njb3BlJTNCJTIwcGljdHVyZS1pbi1waWN0dXJlJTNCJTIwd2ViLXNoYXJlJTIyJTIwcmVmZXJyZXJwb2xpY3klM0QlMjJzdHJpY3Qtb3JpZ2luLXdoZW4tY3Jvc3Mtb3JpZ2luJTIyJTIwYWxsb3dmdWxsc2NyZWVuJTNFJTNDJTJGaWZyYW1lJTNF[\/vc_raw_html][\/vc_column_inner][\/vc_row_inner][vc_empty_space height=&#8221;100px&#8221;][\/vc_column][\/vc_row]<\/p>\n","protected":false},"excerpt":{"rendered":"<p>[vc_row enable_surfer_icon=&#8221;no&#8221;][vc_column][vc_raw_html]JTVCcmV2X3NsaWRlciUyMGFsaWFzJTNEJTIyQ29udGFjdC1QYWdlJTIyJTVEJTVCJTJGcmV2X3NsaWRlciU1RA==[\/vc_raw_html][\/vc_column][\/vc_row][vc_row row_content_width=&#8221;grid&#8221; css=&#8221;.vc_custom_1715860906455{margin-right: 0px !important;margin-left: 0px !important;}&#8221;][vc_column][vc_empty_space height=&#8221;100px&#8221;][vc_empty_space height=&#8221;50px&#8221;][vc_empty_space height=&#8221;50px&#8221;][vc_row_inner][vc_column_inner width=&#8221;1\/2&#8243; css=&#8221;.vc_custom_1717332388700{margin-top: 20px !important;}&#8221;][vc_raw_html]JTNDaWZyYW1lJTIwd2lkdGglM0QlMjIyODAlMjIlMjBoZWlnaHQlM0QlMjIxNjUlMjIlMjBzcmMlM0QlMjJodHRwcyUzQSUyRiUyRnd3dy55b3V0dWJlLmNvbSUyRmVtYmVkJTJGVExrVlhqeEZwNGclM0ZzaSUzREJTN19EaGhCMHlFWEV2dUslMjIlMjB0aXRsZSUzRCUyMllvdVR1YmUlMjB2aWRlbyUyMHBsYXllciUyMiUyMGZyYW1lYm9yZGVyJTNEJTIyMCUyMiUyMGFsbG93JTNEJTIyYWNjZWxlcm9tZXRlciUzQiUyMGF1dG9wbGF5JTNCJTIwY2xpcGJvYXJkLXdyaXRlJTNCJTIwZW5jcnlwdGVkLW1lZGlhJTNCJTIwZ3lyb3Njb3BlJTNCJTIwcGljdHVyZS1pbi1waWN0dXJlJTNCJTIwd2ViLXNoYXJlJTIyJTIwcmVmZXJyZXJwb2xpY3klM0QlMjJzdHJpY3Qtb3JpZ2luLXdoZW4tY3Jvc3Mtb3JpZ2luJTIyJTIwYWxsb3dmdWxsc2NyZWVuJTNFJTNDJTJGaWZyYW1lJTNFJTBB[\/vc_raw_html][\/vc_column_inner][vc_column_inner width=&#8221;1\/2&#8243; css=&#8221;.vc_custom_1717332379553{margin-top: 20px !important;}&#8221;][vc_raw_html]JTNDaWZyYW1lJTIwd2lkdGglM0QlMjIyODAlMjIlMjBoZWlnaHQlM0QlMjIxNjUlMjIlMjBzcmMlM0QlMjJodHRwcyUzQSUyRiUyRnd3dy55b3V0dWJlLmNvbSUyRmVtYmVkJTJGWllvOWJ4ckdtOFElM0ZzaSUzRHIxOFRocE83ejNpTFpHMHUlMjIlMjB0aXRsZSUzRCUyMllvdVR1YmUlMjB2aWRlbyUyMHBsYXllciUyMiUyMGZyYW1lYm9yZGVyJTNEJTIyMCUyMiUyMGFsbG93JTNEJTIyYWNjZWxlcm9tZXRlciUzQiUyMGF1dG9wbGF5JTNCJTIwY2xpcGJvYXJkLXdyaXRlJTNCJTIwZW5jcnlwdGVkLW1lZGlhJTNCJTIwZ3lyb3Njb3BlJTNCJTIwcGljdHVyZS1pbi1waWN0dXJlJTNCJTIwd2ViLXNoYXJlJTIyJTIwcmVmZXJyZXJwb2xpY3klM0QlMjJzdHJpY3Qtb3JpZ2luLXdoZW4tY3Jvc3Mtb3JpZ2luJTIyJTIwYWxsb3dmdWxsc2NyZWVuJTNFJTNDJTJGaWZyYW1lJTNF[\/vc_raw_html][\/vc_column_inner][\/vc_row_inner][vc_empty_space height=&#8221;100px&#8221;][\/vc_column][\/vc_row]<\/p>\n","protected":false},"author":1,"featured_media":0,"parent":0,"menu_order":0,"comment_status":"closed","ping_status":"closed","template":"full-width.php","meta":{"pmpro_default_level":"","footnotes":""},"class_list":["post-1130","page","type-page","status-publish","hentry","pmpro-has-access"],"_links":{"self":[{"href":"https:\/\/dragonboat.lt\/index.php?rest_route=\/wp\/v2\/pages\/1130","targetHints":{"allow":["GET"]}}],"collection":[{"href":"https:\/\/dragonboat.lt\/index.php?rest_route=\/wp\/v2\/pages"}],"about":[{"href":"https:\/\/dragonboat.lt\/index.php?rest_route=\/wp\/v2\/types\/page"}],"author":[{"embeddable":true,"href":"https:\/\/dragonboat.lt\/index.php?rest_route=\/wp\/v2\/users\/1"}],"replies":[{"embeddable":true,"href":"https:\/\/dragonboat.lt\/index.php?rest_route=%2Fwp%2Fv2%2Fcomments&post=1130"}],"version-history":[{"count":41,"href":"https:\/\/dragonboat.lt\/index.php?rest_route=\/wp\/v2\/pages\/1130\/revisions"}],"predecessor-version":[{"id":4010,"href":"https:\/\/dragonboat.lt\/index.php?rest_route=\/wp\/v2\/pages\/1130\/revisions\/4010"}],"wp:attachment":[{"href":"https:\/\/dragonboat.lt\/index.php?rest_route=%2Fwp%2Fv2%2Fmedia&parent=1130"}],"curies":[{"name":"wp","href":"https:\/\/api.w.org\/{rel}","templated":true}]}}